{"id":126,"date":"2014-11-08T14:21:08","date_gmt":"2014-11-08T14:21:08","guid":{"rendered":"https:\/\/chilimag.hu\/webshop\/?post_type=product&#038;p=126"},"modified":"2025-09-05T09:34:29","modified_gmt":"2025-09-05T09:34:29","slug":"bishops-crown","status":"publish","type":"product","link":"https:\/\/chilimag.hu\/webshop\/termek\/bishops-crown\/","title":{"rendered":"Bishop\u2019s Crown"},"content":{"rendered":"","protected":false},"excerpt":{"rendered":"<div id=\"productDescription\" class=\"content\">\n<p><img decoding=\"async\" src=\"https:\/\/chilimag.hu\/webshop\/wp-content\/uploads\/2014\/11\/chilimag-logo-2-150x150.jpg\" \/><\/p>\n<p>Le\u00edr\u00e1s<\/p>\n<p>Bishop\u2019s Crown chili magok<\/p>\n<p>Inform\u00e1ci\u00f3: A Bishop&#8217;s Crown Chili eredetileg Barbadosr\u00f3l sz\u00e1rmazik, nev\u00e9t a paprika p\u00fcsp\u00f6ksapk\u00e1j\u00e1hoz val\u00f3 hasonl\u00f3s\u00e1g\u00e1r\u00f3l kapta. A n\u00f6v\u00e9nyek nagyon nagy leveleket fejlesztenek, amelyek f\u00e9lelmetes m\u00e9retet \u00e9rnek el. Ahogy a Capsicum baccatum fajra is jellemz\u0151, k\u00e9s\u0151n \u00e1gazik el \u00e9s fejleszt koron\u00e1t. A n\u00f6v\u00e9nyek nagyon robusztusak, \u00e9s a t\u00e9li h\u00f3napokban megfelel\u0151 gondoz\u00e1ssal \u00e9s gondoz\u00e1ssal t\u00f6bb \u00e9vig termeszthet\u0151k.<\/p>\n<p>A vastag h\u00fas\u00fa p\u00fcsp\u00f6kkoron\u00e1s chili paprika intenz\u00edv \u00edz\u0171, z\u00f6ldt\u0151l pirosig \u00e9rik. A f\u0171szeress\u00e9g tekintet\u00e9ben egy\u00e9rtelm\u0171 k\u00fcl\u00f6nbs\u00e9g van a paprika sz\u00e1rnya \u00e9s teste k\u00f6z\u00f6tt. \u00c9des-savany\u00fa \u00edz\u00fck van, egy csipetnyi paprika \u00e9s enyhe f\u0171szeres h\u0151s\u00e9g jellemzi. Fogyaszthat\u00f3 frissen sal\u00e1t\u00e1ban, kr\u00e9msajttal t\u00f6ltve, grillezve vagy tart\u00f3s\u00edtva. Scoville 0-500-<\/p>\n<p>Gondoz\u00e1s: A cs\u00edr\u00e1z\u00e1si h\u0151m\u00e9rs\u00e9klet 22\u00b0C \u00e9s 28\u00b0C k\u00f6z\u00f6tt van (cs\u00edr\u00e1z\u00e1si id\u0151: 8-20 nap); ez\u00e9rt \u00fcvegh\u00e1z \u00e9s f\u0171t\u0151sz\u0151nyeg haszn\u00e1lata javasolt. A n\u00f6v\u00e9nyeknek friss, j\u00f3l tr\u00e1gy\u00e1zott v\u00edz\u00e1tereszt\u0151 talajra van sz\u00fcks\u00e9g\u00fck, \u00e9s nem szabad \u00e1ll\u00f3v\u00edzben hagyni. Napos, v\u00e9dett helyre kell helyezni, ahol legal\u00e1bb napi 6 \u00f3ra napf\u00e9ny \u00e9ri, ha nem t\u00f6bb. A n\u00f6v\u00e9nyek kihelyez\u00e9s\u00e9nek legkor\u00e1bbi id\u0151pontja az utols\u00f3 fagy ut\u00e1n 2-3 h\u00e9t. Mivel a n\u00f6v\u00e9ny \u00e9vel\u0151, cser\u00e9pben kell nevelni \u00e9s t\u00e9len \u00e1t tartani. El\u0151fordulhat, hogy kiss\u00e9 vissza kell v\u00e1gni, \u00e9s vil\u00e1gos helyre kell tenni, ahol legal\u00e1bb 15\u00b0C h\u0151m\u00e9rs\u00e9klet van.<\/p>\n<p>&nbsp;<\/p>\n<p>A csomag 10 szem \u00a0magot tartalmaz<\/p>\n<\/div>\n","protected":false},"featured_media":127,"comment_status":"open","ping_status":"closed","template":"","meta":[],"product_brand":[],"product_cat":[8],"product_tag":[],"class_list":{"0":"post-126","1":"product","2":"type-product","3":"status-publish","4":"has-post-thumbnail","6":"product_cat-paprika","8":"first","9":"outofstock","10":"taxable","11":"shipping-taxable","12":"purchasable","13":"product-type-simple"},"_links":{"self":[{"href":"https:\/\/chilimag.hu\/webshop\/wp-json\/wp\/v2\/product\/126","targetHints":{"allow":["GET"]}}],"collection":[{"href":"https:\/\/chilimag.hu\/webshop\/wp-json\/wp\/v2\/product"}],"about":[{"href":"https:\/\/chilimag.hu\/webshop\/wp-json\/wp\/v2\/types\/product"}],"replies":[{"embeddable":true,"href":"https:\/\/chilimag.hu\/webshop\/wp-json\/wp\/v2\/comments?post=126"}],"wp:featuredmedia":[{"embeddable":true,"href":"https:\/\/chilimag.hu\/webshop\/wp-json\/wp\/v2\/media\/127"}],"wp:attachment":[{"href":"https:\/\/chilimag.hu\/webshop\/wp-json\/wp\/v2\/media?parent=126"}],"wp:term":[{"taxonomy":"product_brand","embeddable":true,"href":"https:\/\/chilimag.hu\/webshop\/wp-json\/wp\/v2\/product_brand?post=126"},{"taxonomy":"product_cat","embeddable":true,"href":"https:\/\/chilimag.hu\/webshop\/wp-json\/wp\/v2\/product_cat?post=126"},{"taxonomy":"product_tag","embeddable":true,"href":"https:\/\/chilimag.hu\/webshop\/wp-json\/wp\/v2\/product_tag?post=126"}],"curies":[{"name":"wp","href":"https:\/\/api.w.org\/{rel}","templated":true}]}}