{"id":124,"date":"2014-11-08T14:20:23","date_gmt":"2014-11-08T14:20:23","guid":{"rendered":"https:\/\/chilimag.hu\/webshop\/?post_type=product&#038;p=124"},"modified":"2025-08-11T07:53:04","modified_gmt":"2025-08-11T07:53:04","slug":"birds-eye","status":"publish","type":"product","link":"https:\/\/chilimag.hu\/webshop\/termek\/birds-eye\/","title":{"rendered":"Bird\u2019s eye"},"content":{"rendered":"","protected":false},"excerpt":{"rendered":"<div id=\"productDescription\" class=\"content\">\n<p><img decoding=\"async\" src=\"https:\/\/chilimag.hu\/webshop\/wp-content\/uploads\/2014\/11\/chilimag-logo-2-150x150.jpg\" \/><\/p>\n<p>Le\u00edr\u00e1s<\/p>\n<p>Capsicum Annum<\/p>\n<p>D\u00e9lkelet-\u00c1zsi\u00e1b\u00f3l sz\u00e1rmazik. Ez az apr\u00f3 kis paprika 50 000-100 000 Scoville-ben tal\u00e1lhat\u00f3, ami k\u00f6r\u00fclbel\u00fcl 10-szer forr\u00f3bb, mint egy jalape\u00f1o, ugyanakkor sokkal enyh\u00e9bb, mint a h\u00edrhedt habanero vagy Carolina arat\u00f3. \u00c9retten z\u00f6ld\/s\u00e1rga, narancss\u00e1rga, lila \u00e9s piros sz\u00edn\u0171, de az \u00e9retlen z\u00f6ldpaprik\u00e1t ugyan\u00fagy haszn\u00e1lj\u00e1k, mint az \u00e9rettet. Ez a paprika eg\u00e9szben vagy chili porr\u00e1 \u0151r\u00f6lve kiv\u00e1l\u00f3an alkalmas sz\u00e1r\u00edt\u00e1sra. A kulin\u00e1ris sz\u00f3ban \u00e1zsiai, afrikai, spanyol, thai \u00e9telekben, valamint portug\u00e1l peri-peri sz\u00f3szban haszn\u00e1lj\u00e1k.<\/p>\n<p>Gondoz\u00e1sa:A cs\u00edr\u00e1z\u00e1si h\u0151m\u00e9rs\u00e9klet 21 \u00e9s 28\u00b0C k\u00f6z\u00f6tt van (7-20 napos cs\u00edr\u00e1z\u00e1si id\u0151), ez\u00e9rt \u00fcvegh\u00e1z \u00e9s f\u0171t\u0151sz\u0151nyeg haszn\u00e1lata javasolt. A n\u00f6v\u00e9nyeknek friss, j\u00f3l tr\u00e1gy\u00e1zott, v\u00edz\u00e1tereszt\u0151 talajra van sz\u00fcks\u00e9g\u00fck, nem t\u0171rik a bevizesed\u00e9st. Napos, v\u00e9dett helyre \u00fcltess\u00fck, ahol legal\u00e1bb 6 \u00f3ra \u2013 lehet\u0151leg t\u00f6bb \u2013 napf\u00e9ny \u00e9ri. Tedd ki a n\u00f6v\u00e9nyeket kb. 2-3 h\u00e9ttel az utols\u00f3 fagy ut\u00e1n.<\/p>\n<p>A \u00a0csomag 10 szem magot tartalmaz<\/p>\n<\/div>\n","protected":false},"featured_media":125,"comment_status":"open","ping_status":"closed","template":"","meta":[],"product_brand":[],"product_cat":[8],"product_tag":[],"class_list":{"0":"post-124","1":"product","2":"type-product","3":"status-publish","4":"has-post-thumbnail","6":"product_cat-paprika","8":"first","9":"instock","10":"taxable","11":"shipping-taxable","12":"purchasable","13":"product-type-simple"},"_links":{"self":[{"href":"https:\/\/chilimag.hu\/webshop\/wp-json\/wp\/v2\/product\/124","targetHints":{"allow":["GET"]}}],"collection":[{"href":"https:\/\/chilimag.hu\/webshop\/wp-json\/wp\/v2\/product"}],"about":[{"href":"https:\/\/chilimag.hu\/webshop\/wp-json\/wp\/v2\/types\/product"}],"replies":[{"embeddable":true,"href":"https:\/\/chilimag.hu\/webshop\/wp-json\/wp\/v2\/comments?post=124"}],"wp:featuredmedia":[{"embeddable":true,"href":"https:\/\/chilimag.hu\/webshop\/wp-json\/wp\/v2\/media\/125"}],"wp:attachment":[{"href":"https:\/\/chilimag.hu\/webshop\/wp-json\/wp\/v2\/media?parent=124"}],"wp:term":[{"taxonomy":"product_brand","embeddable":true,"href":"https:\/\/chilimag.hu\/webshop\/wp-json\/wp\/v2\/product_brand?post=124"},{"taxonomy":"product_cat","embeddable":true,"href":"https:\/\/chilimag.hu\/webshop\/wp-json\/wp\/v2\/product_cat?post=124"},{"taxonomy":"product_tag","embeddable":true,"href":"https:\/\/chilimag.hu\/webshop\/wp-json\/wp\/v2\/product_tag?post=124"}],"curies":[{"name":"wp","href":"https:\/\/api.w.org\/{rel}","templated":true}]}}