{"id":122,"date":"2014-11-08T14:18:44","date_gmt":"2014-11-08T14:18:44","guid":{"rendered":"https:\/\/chilimag.hu\/webshop\/?post_type=product&#038;p=122"},"modified":"2026-01-23T09:10:10","modified_gmt":"2026-01-23T09:10:10","slug":"biguinho","status":"publish","type":"product","link":"https:\/\/chilimag.hu\/webshop\/termek\/biguinho\/","title":{"rendered":"Biquinho Red"},"content":{"rendered":"","protected":false},"excerpt":{"rendered":"<p><img decoding=\"async\" src=\"https:\/\/chilimag.hu\/webshop\/wp-content\/uploads\/2014\/11\/chilimag-logo-2-150x150.jpg\" \/><\/p>\n<p>Le\u00edr\u00e1s<\/p>\n<p>Capsicum Chinense<br \/>\nScoville 500-1000<\/p>\n<p>A piros biquinho chili paprika nagyon kicsi, k\u00f6nnycsepp alak\u00fa h\u00fcvely, \u00e1tlagosan h\u00e1rom centim\u00e9ter hossz\u00fa, \u00e9s \u00edvelt k\u00f6z\u00e9ppontjuk van, amely hossz\u00fak\u00e1s, hegyes hegyre keskenyedik. A b\u0151r \u00e9retten halv\u00e1nyz\u00f6ldt\u0151l \u00e9l\u00e9nkv\u00f6r\u00f6sig \u00e9rik, f\u00e9nyes \u00e9s sima, karcs\u00fa \u00e9s \u00edvelt, s\u00f6t\u00e9tz\u00f6ld sz\u00e1rhoz kapcsol\u00f3dik. A h\u00e9j alatt a k\u00f6zepes vagy vastag h\u00fas v\u00f6r\u00f6s, ropog\u00f3s \u00e9s vizes, \u00e9s egy nagyon kis \u00fcreget z\u00e1r be, amely kerek \u00e9s lapos, kr\u00e9msz\u00edn\u0171 magvakkal van teli. A piros biquinho chile paprika nagyon ropog\u00f3s \u00e9s l\u00e9d\u00fas, kezdetben cs\u00edp\u0151s, citrusos \u00edz\u0171, majd \u00e9des, gy\u00fcm\u00f6lcs\u00f6s \u00e9s enyh\u00e9n f\u00fcst\u00f6s \u00edz\u0171, amely a habanero paprik\u00e1ra eml\u00e9keztet. A paprika enyhe h\u0151t is tartalmaz, amelynek intenzit\u00e1sa az \u00e9ghajlatt\u00f3l, a talajt\u00f3l \u00e9s a h\u00fcvely termeszt\u00e9si k\u00f6rnyezet\u00e9t\u0151l f\u00fcgg\u0151en v\u00e1ltozik.<\/p>\n<p>Gondoz\u00e1sa: A cs\u00edr\u00e1z\u00e1si h\u0151m\u00e9rs\u00e9klet 21 \u00e9s 28\u00b0C k\u00f6z\u00f6tt van (7-20 napos cs\u00edr\u00e1z\u00e1si id\u0151), ez\u00e9rt \u00fcvegh\u00e1z \u00e9s f\u0171t\u0151sz\u0151nyeg haszn\u00e1lata javasolt. A n\u00f6v\u00e9nyeknek friss, j\u00f3l tr\u00e1gy\u00e1zott, v\u00edz\u00e1tereszt\u0151 talajra van sz\u00fcks\u00e9g\u00fck, nem t\u0171rik a bevizesed\u00e9st. Napos, v\u00e9dett helyre \u00fcltess\u00fck, ahol legal\u00e1bb 6 \u00f3ra \u2013 lehet\u0151leg t\u00f6bb \u2013 napf\u00e9ny \u00e9ri. Tedd ki a n\u00f6v\u00e9nyeket kb. 2-3 h\u00e9ttel az utols\u00f3 fagy ut\u00e1n.<\/p>\n<p>Brazili\u00e1b\u00f3l sz\u00e1rmaz\u00f3 chili paprika, rendk\u00edv\u00fcli arom\u00e1val rendelkezik, de gyakorlatilag nem \u00e9get\u0151en cs\u00edp.<\/p>\n<p>A csomag 10 szem magot tartalmaz<\/p>\n","protected":false},"featured_media":123,"comment_status":"open","ping_status":"closed","template":"","meta":[],"product_brand":[],"product_cat":[8],"product_tag":[],"class_list":{"0":"post-122","1":"product","2":"type-product","3":"status-publish","4":"has-post-thumbnail","6":"product_cat-paprika","8":"first","9":"instock","10":"taxable","11":"shipping-taxable","12":"purchasable","13":"product-type-simple"},"_links":{"self":[{"href":"https:\/\/chilimag.hu\/webshop\/wp-json\/wp\/v2\/product\/122","targetHints":{"allow":["GET"]}}],"collection":[{"href":"https:\/\/chilimag.hu\/webshop\/wp-json\/wp\/v2\/product"}],"about":[{"href":"https:\/\/chilimag.hu\/webshop\/wp-json\/wp\/v2\/types\/product"}],"replies":[{"embeddable":true,"href":"https:\/\/chilimag.hu\/webshop\/wp-json\/wp\/v2\/comments?post=122"}],"wp:featuredmedia":[{"embeddable":true,"href":"https:\/\/chilimag.hu\/webshop\/wp-json\/wp\/v2\/media\/123"}],"wp:attachment":[{"href":"https:\/\/chilimag.hu\/webshop\/wp-json\/wp\/v2\/media?parent=122"}],"wp:term":[{"taxonomy":"product_brand","embeddable":true,"href":"https:\/\/chilimag.hu\/webshop\/wp-json\/wp\/v2\/product_brand?post=122"},{"taxonomy":"product_cat","embeddable":true,"href":"https:\/\/chilimag.hu\/webshop\/wp-json\/wp\/v2\/product_cat?post=122"},{"taxonomy":"product_tag","embeddable":true,"href":"https:\/\/chilimag.hu\/webshop\/wp-json\/wp\/v2\/product_tag?post=122"}],"curies":[{"name":"wp","href":"https:\/\/api.w.org\/{rel}","templated":true}]}}