{"id":11686,"date":"2021-01-16T18:58:35","date_gmt":"2021-01-16T18:58:35","guid":{"rendered":"https:\/\/chilimag.hu\/webshop\/termek\/import-placeholder-for-3542\/"},"modified":"2026-04-07T19:54:52","modified_gmt":"2026-04-07T19:54:52","slug":"zaporvirag-szinkeverek","status":"publish","type":"product","link":"https:\/\/chilimag.hu\/webshop\/termek\/zaporvirag-szinkeverek\/","title":{"rendered":"Z\u00e1porvir\u00e1g sz\u00ednkever\u00e9k Ag 2"},"content":{"rendered":"","protected":false},"excerpt":{"rendered":"<p>Gazania rigens (L.) Gaertn.<\/p>\n<p>&#8222;Egyny\u00e1ri n\u00f6v\u00e9ny. Magass\u00e1ga 15-20 cm. Napos fekv\u00e9st, kev\u00e9s nedvess\u00e9get<br \/>\nig\u00e9nyel. Sz\u00e1razs\u00e1gt\u0171r\u0151, b\u00e1rmilyen talajt\u00edpuson termeszthet\u0151. Felhaszn\u00e1l\u00e1sa:<br \/>\nszeg\u00e9lyek, sziklakertek, ablakl\u00e1d\u00e1k.&#8221;<\/p>\n","protected":false},"featured_media":11708,"comment_status":"open","ping_status":"closed","template":"","meta":[],"product_brand":[],"product_cat":[238],"product_tag":[],"class_list":{"0":"post-11686","1":"product","2":"type-product","3":"status-publish","4":"has-post-thumbnail","6":"product_cat-virag-vetomagok-agrosel-vetomagok","8":"first","9":"instock","10":"taxable","11":"shipping-taxable","12":"purchasable","13":"product-type-simple"},"_links":{"self":[{"href":"https:\/\/chilimag.hu\/webshop\/wp-json\/wp\/v2\/product\/11686","targetHints":{"allow":["GET"]}}],"collection":[{"href":"https:\/\/chilimag.hu\/webshop\/wp-json\/wp\/v2\/product"}],"about":[{"href":"https:\/\/chilimag.hu\/webshop\/wp-json\/wp\/v2\/types\/product"}],"replies":[{"embeddable":true,"href":"https:\/\/chilimag.hu\/webshop\/wp-json\/wp\/v2\/comments?post=11686"}],"wp:featuredmedia":[{"embeddable":true,"href":"https:\/\/chilimag.hu\/webshop\/wp-json\/wp\/v2\/media\/11708"}],"wp:attachment":[{"href":"https:\/\/chilimag.hu\/webshop\/wp-json\/wp\/v2\/media?parent=11686"}],"wp:term":[{"taxonomy":"product_brand","embeddable":true,"href":"https:\/\/chilimag.hu\/webshop\/wp-json\/wp\/v2\/product_brand?post=11686"},{"taxonomy":"product_cat","embeddable":true,"href":"https:\/\/chilimag.hu\/webshop\/wp-json\/wp\/v2\/product_cat?post=11686"},{"taxonomy":"product_tag","embeddable":true,"href":"https:\/\/chilimag.hu\/webshop\/wp-json\/wp\/v2\/product_tag?post=11686"}],"curies":[{"name":"wp","href":"https:\/\/api.w.org\/{rel}","templated":true}]}}