{"id":11685,"date":"2021-01-16T18:58:35","date_gmt":"2021-01-16T18:58:35","guid":{"rendered":"https:\/\/chilimag.hu\/webshop\/termek\/import-placeholder-for-3540\/"},"modified":"2026-03-06T12:31:43","modified_gmt":"2026-03-06T12:31:43","slug":"torpe-rezvirag","status":"publish","type":"product","link":"https:\/\/chilimag.hu\/webshop\/termek\/torpe-rezvirag\/","title":{"rendered":"T\u00f6rpe r\u00e9zvir\u00e1g Ag 2"},"content":{"rendered":"","protected":false},"excerpt":{"rendered":"<p>Zinnia elegans Jacq.<\/p>\n<p>Egyny\u00e1ri n\u00f6v\u00e9ny. Magass\u00e1ga 40-50 cm. Napos helyet kedvel. Ig\u00e9nytelen, sz\u00e1razs\u00e1gt\u0171r\u0151. Felhaszn\u00e1l\u00e1sa: vir\u00e1g\u00e1gyak, erk\u00e9lyl\u00e1d\u00e1k, s\u00edrok.<\/p>\n","protected":false},"featured_media":11707,"comment_status":"open","ping_status":"closed","template":"","meta":[],"product_brand":[],"product_cat":[238],"product_tag":[],"class_list":{"0":"post-11685","1":"product","2":"type-product","3":"status-publish","4":"has-post-thumbnail","6":"product_cat-virag-vetomagok-agrosel-vetomagok","8":"first","9":"instock","10":"taxable","11":"shipping-taxable","12":"purchasable","13":"product-type-simple"},"_links":{"self":[{"href":"https:\/\/chilimag.hu\/webshop\/wp-json\/wp\/v2\/product\/11685","targetHints":{"allow":["GET"]}}],"collection":[{"href":"https:\/\/chilimag.hu\/webshop\/wp-json\/wp\/v2\/product"}],"about":[{"href":"https:\/\/chilimag.hu\/webshop\/wp-json\/wp\/v2\/types\/product"}],"replies":[{"embeddable":true,"href":"https:\/\/chilimag.hu\/webshop\/wp-json\/wp\/v2\/comments?post=11685"}],"wp:featuredmedia":[{"embeddable":true,"href":"https:\/\/chilimag.hu\/webshop\/wp-json\/wp\/v2\/media\/11707"}],"wp:attachment":[{"href":"https:\/\/chilimag.hu\/webshop\/wp-json\/wp\/v2\/media?parent=11685"}],"wp:term":[{"taxonomy":"product_brand","embeddable":true,"href":"https:\/\/chilimag.hu\/webshop\/wp-json\/wp\/v2\/product_brand?post=11685"},{"taxonomy":"product_cat","embeddable":true,"href":"https:\/\/chilimag.hu\/webshop\/wp-json\/wp\/v2\/product_cat?post=11685"},{"taxonomy":"product_tag","embeddable":true,"href":"https:\/\/chilimag.hu\/webshop\/wp-json\/wp\/v2\/product_tag?post=11685"}],"curies":[{"name":"wp","href":"https:\/\/api.w.org\/{rel}","templated":true}]}}