{"id":11678,"date":"2021-01-16T18:58:34","date_gmt":"2021-01-16T18:58:34","guid":{"rendered":"https:\/\/chilimag.hu\/webshop\/termek\/import-placeholder-for-3524\/"},"modified":"2026-03-08T00:15:46","modified_gmt":"2026-03-08T00:15:46","slug":"teltviragu-szarkalab-szinkeverek","status":"publish","type":"product","link":"https:\/\/chilimag.hu\/webshop\/termek\/teltviragu-szarkalab-szinkeverek\/","title":{"rendered":"Teltvir\u00e1g\u00fa szarkal\u00e1b sz\u00ednkever\u00e9k Ag 2"},"content":{"rendered":"","protected":false},"excerpt":{"rendered":"<p>Delphinium consolida L.<\/p>\n<p>&#8222;Egyny\u00e1ri n\u00f6v\u00e9ny. Magass\u00e1ga 80-120 cm. Napos fekv\u00e9st kedvel. Nagy, j\u00f3l fejlett vir\u00e1gzatok el\u00e9r\u00e9s\u00e9hez t\u00e1panyagban gazdag talajra van<br \/>\nsz\u00fcks\u00e9ge. Felhaszn\u00e1l\u00e1sa: v\u00e1gott vir\u00e1g, vir\u00e1g\u00e1gyak.&#8221;<\/p>\n","protected":false},"featured_media":11700,"comment_status":"open","ping_status":"closed","template":"","meta":[],"product_brand":[],"product_cat":[238],"product_tag":[],"class_list":{"0":"post-11678","1":"product","2":"type-product","3":"status-publish","4":"has-post-thumbnail","6":"product_cat-virag-vetomagok-agrosel-vetomagok","8":"first","9":"instock","10":"taxable","11":"shipping-taxable","12":"purchasable","13":"product-type-simple"},"_links":{"self":[{"href":"https:\/\/chilimag.hu\/webshop\/wp-json\/wp\/v2\/product\/11678","targetHints":{"allow":["GET"]}}],"collection":[{"href":"https:\/\/chilimag.hu\/webshop\/wp-json\/wp\/v2\/product"}],"about":[{"href":"https:\/\/chilimag.hu\/webshop\/wp-json\/wp\/v2\/types\/product"}],"replies":[{"embeddable":true,"href":"https:\/\/chilimag.hu\/webshop\/wp-json\/wp\/v2\/comments?post=11678"}],"wp:featuredmedia":[{"embeddable":true,"href":"https:\/\/chilimag.hu\/webshop\/wp-json\/wp\/v2\/media\/11700"}],"wp:attachment":[{"href":"https:\/\/chilimag.hu\/webshop\/wp-json\/wp\/v2\/media?parent=11678"}],"wp:term":[{"taxonomy":"product_brand","embeddable":true,"href":"https:\/\/chilimag.hu\/webshop\/wp-json\/wp\/v2\/product_brand?post=11678"},{"taxonomy":"product_cat","embeddable":true,"href":"https:\/\/chilimag.hu\/webshop\/wp-json\/wp\/v2\/product_cat?post=11678"},{"taxonomy":"product_tag","embeddable":true,"href":"https:\/\/chilimag.hu\/webshop\/wp-json\/wp\/v2\/product_tag?post=11678"}],"curies":[{"name":"wp","href":"https:\/\/api.w.org\/{rel}","templated":true}]}}