{"id":11645,"date":"2021-01-16T18:58:14","date_gmt":"2021-01-16T18:58:14","guid":{"rendered":"https:\/\/chilimag.hu\/webshop\/termek\/import-placeholder-for-3518\/"},"modified":"2026-01-22T15:41:49","modified_gmt":"2026-01-22T15:41:49","slug":"teltviragu-malyvarozsa-szinkeverek","status":"publish","type":"product","link":"https:\/\/chilimag.hu\/webshop\/termek\/teltviragu-malyvarozsa-szinkeverek\/","title":{"rendered":"Teltvir\u00e1g\u00fa m\u00e1lyvar\u00f3zsa sz\u00ednkever\u00e9k Ag 2"},"content":{"rendered":"","protected":false},"excerpt":{"rendered":"<p>Alcea rosea L.<\/p>\n<p>K\u00e9tny\u00e1ri n\u00f6v\u00e9ny. Magass\u00e1ga 1,8 m. Napf\u00e9nyes helyet, t\u00e1panyagban gazdag kerti talajt ig\u00e9nyel. M\u00e9rs\u00e9kelt v\u00edzig\u00e9ny\u0171. Felhaszn\u00e1l\u00e1sa: falak, ker\u00edt\u00e9sek takar\u00e1s\u00e1ra.<\/p>\n","protected":false},"featured_media":11675,"comment_status":"open","ping_status":"closed","template":"","meta":[],"product_brand":[],"product_cat":[238],"product_tag":[],"class_list":{"0":"post-11645","1":"product","2":"type-product","3":"status-publish","4":"has-post-thumbnail","6":"product_cat-virag-vetomagok-agrosel-vetomagok","8":"first","9":"outofstock","10":"taxable","11":"shipping-taxable","12":"purchasable","13":"product-type-simple"},"_links":{"self":[{"href":"https:\/\/chilimag.hu\/webshop\/wp-json\/wp\/v2\/product\/11645","targetHints":{"allow":["GET"]}}],"collection":[{"href":"https:\/\/chilimag.hu\/webshop\/wp-json\/wp\/v2\/product"}],"about":[{"href":"https:\/\/chilimag.hu\/webshop\/wp-json\/wp\/v2\/types\/product"}],"replies":[{"embeddable":true,"href":"https:\/\/chilimag.hu\/webshop\/wp-json\/wp\/v2\/comments?post=11645"}],"wp:featuredmedia":[{"embeddable":true,"href":"https:\/\/chilimag.hu\/webshop\/wp-json\/wp\/v2\/media\/11675"}],"wp:attachment":[{"href":"https:\/\/chilimag.hu\/webshop\/wp-json\/wp\/v2\/media?parent=11645"}],"wp:term":[{"taxonomy":"product_brand","embeddable":true,"href":"https:\/\/chilimag.hu\/webshop\/wp-json\/wp\/v2\/product_brand?post=11645"},{"taxonomy":"product_cat","embeddable":true,"href":"https:\/\/chilimag.hu\/webshop\/wp-json\/wp\/v2\/product_cat?post=11645"},{"taxonomy":"product_tag","embeddable":true,"href":"https:\/\/chilimag.hu\/webshop\/wp-json\/wp\/v2\/product_tag?post=11645"}],"curies":[{"name":"wp","href":"https:\/\/api.w.org\/{rel}","templated":true}]}}