{"id":11633,"date":"2021-01-16T18:58:13","date_gmt":"2021-01-16T18:58:13","guid":{"rendered":"https:\/\/chilimag.hu\/webshop\/termek\/import-placeholder-for-3491\/"},"modified":"2026-01-22T14:58:47","modified_gmt":"2026-01-22T14:58:47","slug":"rezvirag-szinkeverek","status":"publish","type":"product","link":"https:\/\/chilimag.hu\/webshop\/termek\/rezvirag-szinkeverek\/","title":{"rendered":"R\u00e9zvir\u00e1g sz\u00ednkever\u00e9k magas sz\u00e1r\u00fa Ag 2"},"content":{"rendered":"","protected":false},"excerpt":{"rendered":"<p>Zinnia elegans Jacq.<\/p>\n<p>Egyny\u00e1ri n\u00f6v\u00e9ny. Magass\u00e1ga 60-80 cm. Napos helyet kedvel. Ig\u00e9nytelen, sz\u00e1razs\u00e1gt\u0171r\u0151. Felhaszn\u00e1l\u00e1sa: vir\u00e1g\u00e1gyak, v\u00e1gott vir\u00e1g.<\/p>\n","protected":false},"featured_media":11663,"comment_status":"open","ping_status":"closed","template":"","meta":[],"product_brand":[],"product_cat":[238],"product_tag":[],"class_list":{"0":"post-11633","1":"product","2":"type-product","3":"status-publish","4":"has-post-thumbnail","6":"product_cat-virag-vetomagok-agrosel-vetomagok","8":"first","9":"outofstock","10":"taxable","11":"shipping-taxable","12":"purchasable","13":"product-type-simple"},"_links":{"self":[{"href":"https:\/\/chilimag.hu\/webshop\/wp-json\/wp\/v2\/product\/11633","targetHints":{"allow":["GET"]}}],"collection":[{"href":"https:\/\/chilimag.hu\/webshop\/wp-json\/wp\/v2\/product"}],"about":[{"href":"https:\/\/chilimag.hu\/webshop\/wp-json\/wp\/v2\/types\/product"}],"replies":[{"embeddable":true,"href":"https:\/\/chilimag.hu\/webshop\/wp-json\/wp\/v2\/comments?post=11633"}],"wp:featuredmedia":[{"embeddable":true,"href":"https:\/\/chilimag.hu\/webshop\/wp-json\/wp\/v2\/media\/11663"}],"wp:attachment":[{"href":"https:\/\/chilimag.hu\/webshop\/wp-json\/wp\/v2\/media?parent=11633"}],"wp:term":[{"taxonomy":"product_brand","embeddable":true,"href":"https:\/\/chilimag.hu\/webshop\/wp-json\/wp\/v2\/product_brand?post=11633"},{"taxonomy":"product_cat","embeddable":true,"href":"https:\/\/chilimag.hu\/webshop\/wp-json\/wp\/v2\/product_cat?post=11633"},{"taxonomy":"product_tag","embeddable":true,"href":"https:\/\/chilimag.hu\/webshop\/wp-json\/wp\/v2\/product_tag?post=11633"}],"curies":[{"name":"wp","href":"https:\/\/api.w.org\/{rel}","templated":true}]}}