{"id":11627,"date":"2021-01-16T18:58:13","date_gmt":"2021-01-16T18:58:13","guid":{"rendered":"https:\/\/chilimag.hu\/webshop\/termek\/import-placeholder-for-3479\/"},"modified":"2026-04-15T19:43:11","modified_gmt":"2026-04-15T19:43:11","slug":"muskatli-szinkeverek","status":"publish","type":"product","link":"https:\/\/chilimag.hu\/webshop\/termek\/muskatli-szinkeverek\/","title":{"rendered":"Musk\u00e1tli sz\u00ednkever\u00e9k Ag 2"},"content":{"rendered":"","protected":false},"excerpt":{"rendered":"<p>Pelargonium x zonale<\/p>\n<p>&#8222;\u00c9vel\u0151. Magass\u00e1ga 30-40 cm. T\u00e1panyagban gazdag talajt, k\u00f6zepes nedvess\u00e9get<br \/>\n\u00e9s napos fekv\u00e9st ig\u00e9nyel. Felhaszn\u00e1l\u00e1sa: vir\u00e1g\u00e1gyak, erk\u00e9lyl\u00e1d\u00e1k, cserepes vir\u00e1g.&#8221;<\/p>\n","protected":false},"featured_media":25048,"comment_status":"open","ping_status":"closed","template":"","meta":[],"product_brand":[],"product_cat":[238],"product_tag":[],"class_list":{"0":"post-11627","1":"product","2":"type-product","3":"status-publish","4":"has-post-thumbnail","6":"product_cat-virag-vetomagok-agrosel-vetomagok","8":"first","9":"instock","10":"taxable","11":"shipping-taxable","12":"purchasable","13":"product-type-simple"},"_links":{"self":[{"href":"https:\/\/chilimag.hu\/webshop\/wp-json\/wp\/v2\/product\/11627","targetHints":{"allow":["GET"]}}],"collection":[{"href":"https:\/\/chilimag.hu\/webshop\/wp-json\/wp\/v2\/product"}],"about":[{"href":"https:\/\/chilimag.hu\/webshop\/wp-json\/wp\/v2\/types\/product"}],"replies":[{"embeddable":true,"href":"https:\/\/chilimag.hu\/webshop\/wp-json\/wp\/v2\/comments?post=11627"}],"wp:featuredmedia":[{"embeddable":true,"href":"https:\/\/chilimag.hu\/webshop\/wp-json\/wp\/v2\/media\/25048"}],"wp:attachment":[{"href":"https:\/\/chilimag.hu\/webshop\/wp-json\/wp\/v2\/media?parent=11627"}],"wp:term":[{"taxonomy":"product_brand","embeddable":true,"href":"https:\/\/chilimag.hu\/webshop\/wp-json\/wp\/v2\/product_brand?post=11627"},{"taxonomy":"product_cat","embeddable":true,"href":"https:\/\/chilimag.hu\/webshop\/wp-json\/wp\/v2\/product_cat?post=11627"},{"taxonomy":"product_tag","embeddable":true,"href":"https:\/\/chilimag.hu\/webshop\/wp-json\/wp\/v2\/product_tag?post=11627"}],"curies":[{"name":"wp","href":"https:\/\/api.w.org\/{rel}","templated":true}]}}