{"id":11594,"date":"2021-01-16T18:57:52","date_gmt":"2021-01-16T18:57:52","guid":{"rendered":"https:\/\/chilimag.hu\/webshop\/termek\/import-placeholder-for-3427\/"},"modified":"2026-05-08T04:44:42","modified_gmt":"2026-05-08T04:44:42","slug":"feher-szazszorszep","status":"publish","type":"product","link":"https:\/\/chilimag.hu\/webshop\/termek\/feher-szazszorszep\/","title":{"rendered":"Feh\u00e9r sz\u00e1zszorsz\u00e9p Ag 2"},"content":{"rendered":"","protected":false},"excerpt":{"rendered":"<p>Bellis perennis L.<\/p>\n<p>\u00c9vel\u0151 n\u00f6v\u00e9ny. Magass\u00e1ga 15 cm. F\u00e9l\u00e1rny\u00e9kot \u00e9s t\u00e1panyagban gazdag talajt ig\u00e9nyel. Felhaszn\u00e1l\u00e1sa: vir\u00e1g\u00e1gyak, erk\u00e9lyl\u00e1d\u00e1k, s\u00edrok.<\/p>\n","protected":false},"featured_media":11649,"comment_status":"open","ping_status":"closed","template":"","meta":[],"product_brand":[],"product_cat":[238],"product_tag":[],"class_list":{"0":"post-11594","1":"product","2":"type-product","3":"status-publish","4":"has-post-thumbnail","6":"product_cat-virag-vetomagok-agrosel-vetomagok","8":"first","9":"instock","10":"taxable","11":"shipping-taxable","12":"purchasable","13":"product-type-simple"},"_links":{"self":[{"href":"https:\/\/chilimag.hu\/webshop\/wp-json\/wp\/v2\/product\/11594","targetHints":{"allow":["GET"]}}],"collection":[{"href":"https:\/\/chilimag.hu\/webshop\/wp-json\/wp\/v2\/product"}],"about":[{"href":"https:\/\/chilimag.hu\/webshop\/wp-json\/wp\/v2\/types\/product"}],"replies":[{"embeddable":true,"href":"https:\/\/chilimag.hu\/webshop\/wp-json\/wp\/v2\/comments?post=11594"}],"wp:featuredmedia":[{"embeddable":true,"href":"https:\/\/chilimag.hu\/webshop\/wp-json\/wp\/v2\/media\/11649"}],"wp:attachment":[{"href":"https:\/\/chilimag.hu\/webshop\/wp-json\/wp\/v2\/media?parent=11594"}],"wp:term":[{"taxonomy":"product_brand","embeddable":true,"href":"https:\/\/chilimag.hu\/webshop\/wp-json\/wp\/v2\/product_brand?post=11594"},{"taxonomy":"product_cat","embeddable":true,"href":"https:\/\/chilimag.hu\/webshop\/wp-json\/wp\/v2\/product_cat?post=11594"},{"taxonomy":"product_tag","embeddable":true,"href":"https:\/\/chilimag.hu\/webshop\/wp-json\/wp\/v2\/product_tag?post=11594"}],"curies":[{"name":"wp","href":"https:\/\/api.w.org\/{rel}","templated":true}]}}