{"id":11590,"date":"2021-01-16T18:57:52","date_gmt":"2021-01-16T18:57:52","guid":{"rendered":"https:\/\/chilimag.hu\/webshop\/termek\/import-placeholder-for-3419\/"},"modified":"2026-02-08T21:12:44","modified_gmt":"2026-02-08T21:12:44","slug":"evelo-fatyolvirag","status":"publish","type":"product","link":"https:\/\/chilimag.hu\/webshop\/termek\/evelo-fatyolvirag\/","title":{"rendered":"\u00c9vel\u0151 f\u00e1tyolvir\u00e1g Ag 2"},"content":{"rendered":"","protected":false},"excerpt":{"rendered":"<p>Gypsophila elegans Bieb.<\/p>\n<p>&#8222;\u00c9vel\u0151 n\u00f6v\u00e9ny. Magass\u00e1ga 80-100 cm. M\u00e9lyr\u00e9teg\u0171, j\u00f3 v\u00edzelvezet\u0151<br \/>\nk\u00e9pess\u00e9g\u0171 talajt ig\u00e9nyel. Felhaszn\u00e1l\u00e1sa: v\u00e1gott vir\u00e1g,<br \/>\ncsoportok, sziklakertek.&#8221;<\/p>\n","protected":false},"featured_media":11620,"comment_status":"open","ping_status":"closed","template":"","meta":[],"product_brand":[],"product_cat":[238],"product_tag":[],"class_list":{"0":"post-11590","1":"product","2":"type-product","3":"status-publish","4":"has-post-thumbnail","6":"product_cat-virag-vetomagok-agrosel-vetomagok","8":"first","9":"outofstock","10":"taxable","11":"shipping-taxable","12":"purchasable","13":"product-type-simple"},"_links":{"self":[{"href":"https:\/\/chilimag.hu\/webshop\/wp-json\/wp\/v2\/product\/11590","targetHints":{"allow":["GET"]}}],"collection":[{"href":"https:\/\/chilimag.hu\/webshop\/wp-json\/wp\/v2\/product"}],"about":[{"href":"https:\/\/chilimag.hu\/webshop\/wp-json\/wp\/v2\/types\/product"}],"replies":[{"embeddable":true,"href":"https:\/\/chilimag.hu\/webshop\/wp-json\/wp\/v2\/comments?post=11590"}],"wp:featuredmedia":[{"embeddable":true,"href":"https:\/\/chilimag.hu\/webshop\/wp-json\/wp\/v2\/media\/11620"}],"wp:attachment":[{"href":"https:\/\/chilimag.hu\/webshop\/wp-json\/wp\/v2\/media?parent=11590"}],"wp:term":[{"taxonomy":"product_brand","embeddable":true,"href":"https:\/\/chilimag.hu\/webshop\/wp-json\/wp\/v2\/product_brand?post=11590"},{"taxonomy":"product_cat","embeddable":true,"href":"https:\/\/chilimag.hu\/webshop\/wp-json\/wp\/v2\/product_cat?post=11590"},{"taxonomy":"product_tag","embeddable":true,"href":"https:\/\/chilimag.hu\/webshop\/wp-json\/wp\/v2\/product_tag?post=11590"}],"curies":[{"name":"wp","href":"https:\/\/api.w.org\/{rel}","templated":true}]}}