{"id":11585,"date":"2021-01-16T18:57:52","date_gmt":"2021-01-16T18:57:52","guid":{"rendered":"https:\/\/chilimag.hu\/webshop\/termek\/import-placeholder-for-3409\/"},"modified":"2026-01-22T14:57:42","modified_gmt":"2026-01-22T14:57:42","slug":"csodatolcser","status":"publish","type":"product","link":"https:\/\/chilimag.hu\/webshop\/termek\/csodatolcser\/","title":{"rendered":"Csodat\u00f6lcs\u00e9r Ag 2"},"content":{"rendered":"","protected":false},"excerpt":{"rendered":"<p>Mirabilis jalapa L.<\/p>\n<p>Egyny\u00e1ri n\u00f6v\u00e9ny. Magass\u00e1ga 1 m. Napos vagy \u00e1rny\u00e9kos helyet kedvel. J\u00f3 v\u00edz\u00e1tereszt\u0151 \u00e9s humuszban gazdag talajt \u00edg\u00e9nyel. Felhaszn\u00e1l\u00e1sa: csoportok, vir\u00e1g\u00e1gyak.<\/p>\n","protected":false},"featured_media":11615,"comment_status":"open","ping_status":"closed","template":"","meta":[],"product_brand":[],"product_cat":[238],"product_tag":[],"class_list":{"0":"post-11585","1":"product","2":"type-product","3":"status-publish","4":"has-post-thumbnail","6":"product_cat-virag-vetomagok-agrosel-vetomagok","8":"first","9":"instock","10":"taxable","11":"shipping-taxable","12":"purchasable","13":"product-type-simple"},"_links":{"self":[{"href":"https:\/\/chilimag.hu\/webshop\/wp-json\/wp\/v2\/product\/11585","targetHints":{"allow":["GET"]}}],"collection":[{"href":"https:\/\/chilimag.hu\/webshop\/wp-json\/wp\/v2\/product"}],"about":[{"href":"https:\/\/chilimag.hu\/webshop\/wp-json\/wp\/v2\/types\/product"}],"replies":[{"embeddable":true,"href":"https:\/\/chilimag.hu\/webshop\/wp-json\/wp\/v2\/comments?post=11585"}],"wp:featuredmedia":[{"embeddable":true,"href":"https:\/\/chilimag.hu\/webshop\/wp-json\/wp\/v2\/media\/11615"}],"wp:attachment":[{"href":"https:\/\/chilimag.hu\/webshop\/wp-json\/wp\/v2\/media?parent=11585"}],"wp:term":[{"taxonomy":"product_brand","embeddable":true,"href":"https:\/\/chilimag.hu\/webshop\/wp-json\/wp\/v2\/product_brand?post=11585"},{"taxonomy":"product_cat","embeddable":true,"href":"https:\/\/chilimag.hu\/webshop\/wp-json\/wp\/v2\/product_cat?post=11585"},{"taxonomy":"product_tag","embeddable":true,"href":"https:\/\/chilimag.hu\/webshop\/wp-json\/wp\/v2\/product_tag?post=11585"}],"curies":[{"name":"wp","href":"https:\/\/api.w.org\/{rel}","templated":true}]}}