{"id":11584,"date":"2021-01-16T18:57:52","date_gmt":"2021-01-16T18:57:52","guid":{"rendered":"https:\/\/chilimag.hu\/webshop\/termek\/import-placeholder-for-3407\/"},"modified":"2026-03-10T03:49:11","modified_gmt":"2026-03-10T03:49:11","slug":"buzavirag-szinkeverek","status":"publish","type":"product","link":"https:\/\/chilimag.hu\/webshop\/termek\/buzavirag-szinkeverek\/","title":{"rendered":"B\u00fazavir\u00e1g sz\u00ednkever\u00e9k Ag 2"},"content":{"rendered":"","protected":false},"excerpt":{"rendered":"<p>Centaurea cyanus L.<\/p>\n<p>&#8222;Egyny\u00e1ri n\u00f6v\u00e9ny. Magass\u00e1ga 80-90 cm. Napos helyen, k\u00f6z\u00f6mb\u00f6s<br \/>\ntalajt\u00edpuson termeszthet\u0151. Felhaszn\u00e1l\u00e1sa: v\u00e1gott vir\u00e1g, egyny\u00e1ri vir\u00e1g\u00e1gyak.&#8221;<\/p>\n","protected":false},"featured_media":11614,"comment_status":"open","ping_status":"closed","template":"","meta":[],"product_brand":[],"product_cat":[238],"product_tag":[],"class_list":{"0":"post-11584","1":"product","2":"type-product","3":"status-publish","4":"has-post-thumbnail","6":"product_cat-virag-vetomagok-agrosel-vetomagok","8":"first","9":"outofstock","10":"taxable","11":"shipping-taxable","12":"purchasable","13":"product-type-simple"},"_links":{"self":[{"href":"https:\/\/chilimag.hu\/webshop\/wp-json\/wp\/v2\/product\/11584","targetHints":{"allow":["GET"]}}],"collection":[{"href":"https:\/\/chilimag.hu\/webshop\/wp-json\/wp\/v2\/product"}],"about":[{"href":"https:\/\/chilimag.hu\/webshop\/wp-json\/wp\/v2\/types\/product"}],"replies":[{"embeddable":true,"href":"https:\/\/chilimag.hu\/webshop\/wp-json\/wp\/v2\/comments?post=11584"}],"wp:featuredmedia":[{"embeddable":true,"href":"https:\/\/chilimag.hu\/webshop\/wp-json\/wp\/v2\/media\/11614"}],"wp:attachment":[{"href":"https:\/\/chilimag.hu\/webshop\/wp-json\/wp\/v2\/media?parent=11584"}],"wp:term":[{"taxonomy":"product_brand","embeddable":true,"href":"https:\/\/chilimag.hu\/webshop\/wp-json\/wp\/v2\/product_brand?post=11584"},{"taxonomy":"product_cat","embeddable":true,"href":"https:\/\/chilimag.hu\/webshop\/wp-json\/wp\/v2\/product_cat?post=11584"},{"taxonomy":"product_tag","embeddable":true,"href":"https:\/\/chilimag.hu\/webshop\/wp-json\/wp\/v2\/product_tag?post=11584"}],"curies":[{"name":"wp","href":"https:\/\/api.w.org\/{rel}","templated":true}]}}