{"id":11572,"date":"2021-01-16T18:57:51","date_gmt":"2021-01-16T18:57:51","guid":{"rendered":"https:\/\/chilimag.hu\/webshop\/termek\/import-placeholder-for-3381\/"},"modified":"2026-03-13T11:44:51","modified_gmt":"2026-03-13T11:44:51","slug":"ketszinu-torpe-barsonyvirag","status":"publish","type":"product","link":"https:\/\/chilimag.hu\/webshop\/termek\/ketszinu-torpe-barsonyvirag\/","title":{"rendered":"K\u00e9tsz\u00edn\u0171 t\u00f6rpe b\u00e1rsonyvir\u00e1g Ag 3"},"content":{"rendered":"","protected":false},"excerpt":{"rendered":"<p>Tagetes patula L. var. nana<\/p>\n<p>Egyny\u00e1ri n\u00f6v\u00e9ny. Magass\u00e1ga 20-25 cm. Napos fekv\u00e9st kedvel. B\u00e1rmilyen talajt\u00edpuson termeszthet\u0151. Felhaszn\u00e1l\u00e1sa: szeg\u00e9lyek, vir\u00e1g\u00e1gyak, vir\u00e1gl\u00e1d\u00e1k, s\u00edrok be\u00fclet\u00e9s\u00e9re, stb.<\/p>\n","protected":false},"featured_media":11602,"comment_status":"open","ping_status":"closed","template":"","meta":[],"product_brand":[],"product_cat":[238],"product_tag":[],"class_list":{"0":"post-11572","1":"product","2":"type-product","3":"status-publish","4":"has-post-thumbnail","6":"product_cat-virag-vetomagok-agrosel-vetomagok","8":"first","9":"instock","10":"taxable","11":"shipping-taxable","12":"purchasable","13":"product-type-simple"},"_links":{"self":[{"href":"https:\/\/chilimag.hu\/webshop\/wp-json\/wp\/v2\/product\/11572","targetHints":{"allow":["GET"]}}],"collection":[{"href":"https:\/\/chilimag.hu\/webshop\/wp-json\/wp\/v2\/product"}],"about":[{"href":"https:\/\/chilimag.hu\/webshop\/wp-json\/wp\/v2\/types\/product"}],"replies":[{"embeddable":true,"href":"https:\/\/chilimag.hu\/webshop\/wp-json\/wp\/v2\/comments?post=11572"}],"wp:featuredmedia":[{"embeddable":true,"href":"https:\/\/chilimag.hu\/webshop\/wp-json\/wp\/v2\/media\/11602"}],"wp:attachment":[{"href":"https:\/\/chilimag.hu\/webshop\/wp-json\/wp\/v2\/media?parent=11572"}],"wp:term":[{"taxonomy":"product_brand","embeddable":true,"href":"https:\/\/chilimag.hu\/webshop\/wp-json\/wp\/v2\/product_brand?post=11572"},{"taxonomy":"product_cat","embeddable":true,"href":"https:\/\/chilimag.hu\/webshop\/wp-json\/wp\/v2\/product_cat?post=11572"},{"taxonomy":"product_tag","embeddable":true,"href":"https:\/\/chilimag.hu\/webshop\/wp-json\/wp\/v2\/product_tag?post=11572"}],"curies":[{"name":"wp","href":"https:\/\/api.w.org\/{rel}","templated":true}]}}