{"id":11531,"date":"2021-01-16T18:53:19","date_gmt":"2021-01-16T18:53:19","guid":{"rendered":"https:\/\/chilimag.hu\/webshop\/termek\/import-placeholder-for-4245\/"},"modified":"2026-01-21T18:29:09","modified_gmt":"2026-01-21T18:29:09","slug":"tarkony-artemisia-dracunculus-l","status":"publish","type":"product","link":"https:\/\/chilimag.hu\/webshop\/termek\/tarkony-artemisia-dracunculus-l\/","title":{"rendered":"T\u00e1rkony Artemisia dracunculus L. Ag 2"},"content":{"rendered":"","protected":false},"excerpt":{"rendered":"<p>\u00c9vel\u0151, cserje szer\u0171 n\u00f6v\u00e9ny. Levelei \u00e9s fiatal hajt\u00e1sai is felhaszn\u00e1lhat\u00f3k. Divatos f\u0171szern\u00f6v\u00e9ny.<\/p>\n","protected":false},"featured_media":11558,"comment_status":"open","ping_status":"closed","template":"","meta":[],"product_brand":[],"product_cat":[236],"product_tag":[],"class_list":{"0":"post-11531","1":"product","2":"type-product","3":"status-publish","4":"has-post-thumbnail","6":"product_cat-fuszernoveny-vetomagok-agrosel-vetomagok","8":"first","9":"instock","10":"taxable","11":"shipping-taxable","12":"purchasable","13":"product-type-simple"},"_links":{"self":[{"href":"https:\/\/chilimag.hu\/webshop\/wp-json\/wp\/v2\/product\/11531","targetHints":{"allow":["GET"]}}],"collection":[{"href":"https:\/\/chilimag.hu\/webshop\/wp-json\/wp\/v2\/product"}],"about":[{"href":"https:\/\/chilimag.hu\/webshop\/wp-json\/wp\/v2\/types\/product"}],"replies":[{"embeddable":true,"href":"https:\/\/chilimag.hu\/webshop\/wp-json\/wp\/v2\/comments?post=11531"}],"wp:featuredmedia":[{"embeddable":true,"href":"https:\/\/chilimag.hu\/webshop\/wp-json\/wp\/v2\/media\/11558"}],"wp:attachment":[{"href":"https:\/\/chilimag.hu\/webshop\/wp-json\/wp\/v2\/media?parent=11531"}],"wp:term":[{"taxonomy":"product_brand","embeddable":true,"href":"https:\/\/chilimag.hu\/webshop\/wp-json\/wp\/v2\/product_brand?post=11531"},{"taxonomy":"product_cat","embeddable":true,"href":"https:\/\/chilimag.hu\/webshop\/wp-json\/wp\/v2\/product_cat?post=11531"},{"taxonomy":"product_tag","embeddable":true,"href":"https:\/\/chilimag.hu\/webshop\/wp-json\/wp\/v2\/product_tag?post=11531"}],"curies":[{"name":"wp","href":"https:\/\/api.w.org\/{rel}","templated":true}]}}