{"id":11530,"date":"2021-01-16T18:53:19","date_gmt":"2021-01-16T18:53:19","guid":{"rendered":"https:\/\/chilimag.hu\/webshop\/termek\/import-placeholder-for-4205\/"},"modified":"2026-05-05T14:15:42","modified_gmt":"2026-05-05T14:15:42","slug":"rozmaring-rosmarinus-officinalis-l","status":"publish","type":"product","link":"https:\/\/chilimag.hu\/webshop\/termek\/rozmaring-rosmarinus-officinalis-l\/","title":{"rendered":"Rozmaring Rosmarinus officinalis L. Ag 2"},"content":{"rendered":"","protected":false},"excerpt":{"rendered":"<p>\u00c9vel\u0151 n\u00f6v\u00e9ny. Level\u00fck nemcsak d\u00edsz\u00edt\u0151 \u00e9rt\u00e9k\u0171, de konyhai f\u0171szerk\u00e9nt is felhaszn\u00e1lhat\u00f3. Frissen vagy sz\u00e1r\u00edtva haszn\u00e1lj\u00e1k.<\/p>\n","protected":false},"featured_media":11557,"comment_status":"open","ping_status":"closed","template":"","meta":[],"product_brand":[],"product_cat":[236],"product_tag":[],"class_list":{"0":"post-11530","1":"product","2":"type-product","3":"status-publish","4":"has-post-thumbnail","6":"product_cat-fuszernoveny-vetomagok-agrosel-vetomagok","8":"first","9":"instock","10":"taxable","11":"shipping-taxable","12":"purchasable","13":"product-type-simple"},"_links":{"self":[{"href":"https:\/\/chilimag.hu\/webshop\/wp-json\/wp\/v2\/product\/11530","targetHints":{"allow":["GET"]}}],"collection":[{"href":"https:\/\/chilimag.hu\/webshop\/wp-json\/wp\/v2\/product"}],"about":[{"href":"https:\/\/chilimag.hu\/webshop\/wp-json\/wp\/v2\/types\/product"}],"replies":[{"embeddable":true,"href":"https:\/\/chilimag.hu\/webshop\/wp-json\/wp\/v2\/comments?post=11530"}],"wp:featuredmedia":[{"embeddable":true,"href":"https:\/\/chilimag.hu\/webshop\/wp-json\/wp\/v2\/media\/11557"}],"wp:attachment":[{"href":"https:\/\/chilimag.hu\/webshop\/wp-json\/wp\/v2\/media?parent=11530"}],"wp:term":[{"taxonomy":"product_brand","embeddable":true,"href":"https:\/\/chilimag.hu\/webshop\/wp-json\/wp\/v2\/product_brand?post=11530"},{"taxonomy":"product_cat","embeddable":true,"href":"https:\/\/chilimag.hu\/webshop\/wp-json\/wp\/v2\/product_cat?post=11530"},{"taxonomy":"product_tag","embeddable":true,"href":"https:\/\/chilimag.hu\/webshop\/wp-json\/wp\/v2\/product_tag?post=11530"}],"curies":[{"name":"wp","href":"https:\/\/api.w.org\/{rel}","templated":true}]}}