{"id":11521,"date":"2021-01-16T18:53:19","date_gmt":"2021-01-16T18:53:19","guid":{"rendered":"https:\/\/chilimag.hu\/webshop\/termek\/import-placeholder-for-4065\/"},"modified":"2026-05-05T14:15:42","modified_gmt":"2026-05-05T14:15:42","slug":"kakukkfu-thymus-vulgaris-l","status":"publish","type":"product","link":"https:\/\/chilimag.hu\/webshop\/termek\/kakukkfu-thymus-vulgaris-l\/","title":{"rendered":"Kakukkf\u0171 Thymus vulgaris  Ag 2"},"content":{"rendered":"","protected":false},"excerpt":{"rendered":"<p>\u00c9vel\u0151 n\u00f6v\u00e9ny. A n\u00f6v\u00e9ny kellemes illat\u00fa. Leveleit \u00e9s a fiatal hajt\u00e1sok fels\u0151 r\u00e9sz\u00e9t f\u0171szerk\u00e9nt haszn\u00e1lj\u00e1k.<\/p>\n","protected":false},"featured_media":11548,"comment_status":"open","ping_status":"closed","template":"","meta":[],"product_brand":[],"product_cat":[236],"product_tag":[],"class_list":{"0":"post-11521","1":"product","2":"type-product","3":"status-publish","4":"has-post-thumbnail","6":"product_cat-fuszernoveny-vetomagok-agrosel-vetomagok","8":"first","9":"instock","10":"taxable","11":"shipping-taxable","12":"purchasable","13":"product-type-simple"},"_links":{"self":[{"href":"https:\/\/chilimag.hu\/webshop\/wp-json\/wp\/v2\/product\/11521","targetHints":{"allow":["GET"]}}],"collection":[{"href":"https:\/\/chilimag.hu\/webshop\/wp-json\/wp\/v2\/product"}],"about":[{"href":"https:\/\/chilimag.hu\/webshop\/wp-json\/wp\/v2\/types\/product"}],"replies":[{"embeddable":true,"href":"https:\/\/chilimag.hu\/webshop\/wp-json\/wp\/v2\/comments?post=11521"}],"wp:featuredmedia":[{"embeddable":true,"href":"https:\/\/chilimag.hu\/webshop\/wp-json\/wp\/v2\/media\/11548"}],"wp:attachment":[{"href":"https:\/\/chilimag.hu\/webshop\/wp-json\/wp\/v2\/media?parent=11521"}],"wp:term":[{"taxonomy":"product_brand","embeddable":true,"href":"https:\/\/chilimag.hu\/webshop\/wp-json\/wp\/v2\/product_brand?post=11521"},{"taxonomy":"product_cat","embeddable":true,"href":"https:\/\/chilimag.hu\/webshop\/wp-json\/wp\/v2\/product_cat?post=11521"},{"taxonomy":"product_tag","embeddable":true,"href":"https:\/\/chilimag.hu\/webshop\/wp-json\/wp\/v2\/product_tag?post=11521"}],"curies":[{"name":"wp","href":"https:\/\/api.w.org\/{rel}","templated":true}]}}