{"id":11519,"date":"2021-01-16T18:53:18","date_gmt":"2021-01-16T18:53:18","guid":{"rendered":"https:\/\/chilimag.hu\/webshop\/termek\/import-placeholder-for-4016\/"},"modified":"2026-05-05T18:21:46","modified_gmt":"2026-05-05T18:21:46","slug":"csombor-satureja-hortensis-l","status":"publish","type":"product","link":"https:\/\/chilimag.hu\/webshop\/termek\/csombor-satureja-hortensis-l\/","title":{"rendered":"Borsikaf\u0171 Csombor Satureja hortensis L Ag 2"},"content":{"rendered":"","protected":false},"excerpt":{"rendered":"<p>Egyny\u00e1ri n\u00f6v\u00e9ny. Sz\u00e1r\u00edt\u00e1sra \u00e9s fagyaszt\u00e1sra egyar\u00e1nt alkalmas. Leveleit \u00e9s hajt\u00e1sait haszn\u00e1lj\u00e1k fel.<\/p>\n","protected":false},"featured_media":11546,"comment_status":"open","ping_status":"closed","template":"","meta":[],"product_brand":[],"product_cat":[236],"product_tag":[],"class_list":{"0":"post-11519","1":"product","2":"type-product","3":"status-publish","4":"has-post-thumbnail","6":"product_cat-fuszernoveny-vetomagok-agrosel-vetomagok","8":"first","9":"instock","10":"taxable","11":"shipping-taxable","12":"purchasable","13":"product-type-simple"},"_links":{"self":[{"href":"https:\/\/chilimag.hu\/webshop\/wp-json\/wp\/v2\/product\/11519","targetHints":{"allow":["GET"]}}],"collection":[{"href":"https:\/\/chilimag.hu\/webshop\/wp-json\/wp\/v2\/product"}],"about":[{"href":"https:\/\/chilimag.hu\/webshop\/wp-json\/wp\/v2\/types\/product"}],"replies":[{"embeddable":true,"href":"https:\/\/chilimag.hu\/webshop\/wp-json\/wp\/v2\/comments?post=11519"}],"wp:featuredmedia":[{"embeddable":true,"href":"https:\/\/chilimag.hu\/webshop\/wp-json\/wp\/v2\/media\/11546"}],"wp:attachment":[{"href":"https:\/\/chilimag.hu\/webshop\/wp-json\/wp\/v2\/media?parent=11519"}],"wp:term":[{"taxonomy":"product_brand","embeddable":true,"href":"https:\/\/chilimag.hu\/webshop\/wp-json\/wp\/v2\/product_brand?post=11519"},{"taxonomy":"product_cat","embeddable":true,"href":"https:\/\/chilimag.hu\/webshop\/wp-json\/wp\/v2\/product_cat?post=11519"},{"taxonomy":"product_tag","embeddable":true,"href":"https:\/\/chilimag.hu\/webshop\/wp-json\/wp\/v2\/product_tag?post=11519"}],"curies":[{"name":"wp","href":"https:\/\/api.w.org\/{rel}","templated":true}]}}