{"id":11516,"date":"2021-01-16T18:53:18","date_gmt":"2021-01-16T18:53:18","guid":{"rendered":"https:\/\/chilimag.hu\/webshop\/termek\/import-placeholder-for-3981\/"},"modified":"2026-03-31T20:41:19","modified_gmt":"2026-03-31T20:41:19","slug":"tavaszi-mak-papaver-somniferum-l","status":"publish","type":"product","link":"https:\/\/chilimag.hu\/webshop\/termek\/tavaszi-mak-papaver-somniferum-l\/","title":{"rendered":"Tavaszi m\u00e1k Papaver somniferum L. Ag 3"},"content":{"rendered":"","protected":false},"excerpt":{"rendered":"<p>Egyny\u00e1ri n\u00f6v\u00e9ny, magass\u00e1ga 90-100 cm. J\u00f3l b\u00edrja a hideget, kor\u00e1n vir\u00e1gz\u00f3. Konyhai f\u0171szerk\u00e9nt a szirmokat \u00e9s a magokat egyar\u00e1nt lehet haszn\u00e1lni. Betakar\u00edt\u00e1s ut\u00e1n a magokat, sz\u00e1raz, h\u0171v\u00f6s helyen t\u00e1roljuk.<\/p>\n","protected":false},"featured_media":30931,"comment_status":"open","ping_status":"closed","template":"","meta":[],"product_brand":[],"product_cat":[255,236],"product_tag":[],"class_list":{"0":"post-11516","1":"product","2":"type-product","3":"status-publish","4":"has-post-thumbnail","6":"product_cat-agrosel-gyogynoveny-vetomagok","7":"product_cat-fuszernoveny-vetomagok-agrosel-vetomagok","9":"first","10":"instock","11":"taxable","12":"shipping-taxable","13":"purchasable","14":"product-type-simple"},"_links":{"self":[{"href":"https:\/\/chilimag.hu\/webshop\/wp-json\/wp\/v2\/product\/11516","targetHints":{"allow":["GET"]}}],"collection":[{"href":"https:\/\/chilimag.hu\/webshop\/wp-json\/wp\/v2\/product"}],"about":[{"href":"https:\/\/chilimag.hu\/webshop\/wp-json\/wp\/v2\/types\/product"}],"replies":[{"embeddable":true,"href":"https:\/\/chilimag.hu\/webshop\/wp-json\/wp\/v2\/comments?post=11516"}],"wp:featuredmedia":[{"embeddable":true,"href":"https:\/\/chilimag.hu\/webshop\/wp-json\/wp\/v2\/media\/30931"}],"wp:attachment":[{"href":"https:\/\/chilimag.hu\/webshop\/wp-json\/wp\/v2\/media?parent=11516"}],"wp:term":[{"taxonomy":"product_brand","embeddable":true,"href":"https:\/\/chilimag.hu\/webshop\/wp-json\/wp\/v2\/product_brand?post=11516"},{"taxonomy":"product_cat","embeddable":true,"href":"https:\/\/chilimag.hu\/webshop\/wp-json\/wp\/v2\/product_cat?post=11516"},{"taxonomy":"product_tag","embeddable":true,"href":"https:\/\/chilimag.hu\/webshop\/wp-json\/wp\/v2\/product_tag?post=11516"}],"curies":[{"name":"wp","href":"https:\/\/api.w.org\/{rel}","templated":true}]}}