{"id":11478,"date":"2021-01-16T18:48:44","date_gmt":"2021-01-16T18:48:44","guid":{"rendered":"https:\/\/chilimag.hu\/webshop\/termek\/import-placeholder-for-4239\/"},"modified":"2026-01-21T18:14:31","modified_gmt":"2026-01-21T18:14:31","slug":"sutotok-nagydobosi","status":"publish","type":"product","link":"https:\/\/chilimag.hu\/webshop\/termek\/sutotok-nagydobosi\/","title":{"rendered":"S\u00fct\u0151t\u00f6k Nagydobosi Ag 2"},"content":{"rendered":"","protected":false},"excerpt":{"rendered":"<p>Teny\u00e9szideje 145-160 nap. Gy\u00fcm\u00f6lcse 6-10 kg t\u00f6meg\u0171, g\u00f6mb alak\u00fa, h\u00e9ja sz\u00edne vil\u00e1gossz\u00fcrke, m\u00edg h\u00fasa narancss\u00e1rga. J\u00f3l t\u00e1rolhat\u00f3.<\/p>\n","protected":false},"featured_media":11504,"comment_status":"open","ping_status":"closed","template":"","meta":[],"product_brand":[],"product_cat":[234],"product_tag":[],"class_list":{"0":"post-11478","1":"product","2":"type-product","3":"status-publish","4":"has-post-thumbnail","6":"product_cat-dinnye-es-tok-vetomagok-agrosel-vetomagok","8":"first","9":"instock","10":"taxable","11":"shipping-taxable","12":"purchasable","13":"product-type-simple"},"_links":{"self":[{"href":"https:\/\/chilimag.hu\/webshop\/wp-json\/wp\/v2\/product\/11478","targetHints":{"allow":["GET"]}}],"collection":[{"href":"https:\/\/chilimag.hu\/webshop\/wp-json\/wp\/v2\/product"}],"about":[{"href":"https:\/\/chilimag.hu\/webshop\/wp-json\/wp\/v2\/types\/product"}],"replies":[{"embeddable":true,"href":"https:\/\/chilimag.hu\/webshop\/wp-json\/wp\/v2\/comments?post=11478"}],"wp:featuredmedia":[{"embeddable":true,"href":"https:\/\/chilimag.hu\/webshop\/wp-json\/wp\/v2\/media\/11504"}],"wp:attachment":[{"href":"https:\/\/chilimag.hu\/webshop\/wp-json\/wp\/v2\/media?parent=11478"}],"wp:term":[{"taxonomy":"product_brand","embeddable":true,"href":"https:\/\/chilimag.hu\/webshop\/wp-json\/wp\/v2\/product_brand?post=11478"},{"taxonomy":"product_cat","embeddable":true,"href":"https:\/\/chilimag.hu\/webshop\/wp-json\/wp\/v2\/product_cat?post=11478"},{"taxonomy":"product_tag","embeddable":true,"href":"https:\/\/chilimag.hu\/webshop\/wp-json\/wp\/v2\/product_tag?post=11478"}],"curies":[{"name":"wp","href":"https:\/\/api.w.org\/{rel}","templated":true}]}}