{"id":11474,"date":"2021-01-16T18:48:44","date_gmt":"2021-01-16T18:48:44","guid":{"rendered":"https:\/\/chilimag.hu\/webshop\/termek\/import-placeholder-for-4219\/"},"modified":"2026-02-18T08:05:25","modified_gmt":"2026-02-18T08:05:25","slug":"sarga-cukkini-goldena-2","status":"publish","type":"product","link":"https:\/\/chilimag.hu\/webshop\/termek\/sarga-cukkini-goldena-2\/","title":{"rendered":"T\u00f6k Goldena cukkini Ag 2"},"content":{"rendered":"","protected":false},"excerpt":{"rendered":"<p>R\u00f6vid teny\u00e9szidej\u0171. Term\u00e9se henger alak\u00fa, h\u00e9ja k\u00fcl\u00f6nleges aranys\u00e1rga. A leg\u00edzletesebb term\u00e9sek 20-22 cm hossz\u00faak. A gy\u00fcm\u00f6lcs\u00f6k gyorsan fejl\u0151dnek. S\u00e1rga sz\u00edne el\u0151ny\u0151sebb m\u00e1s z\u00f6ldsz\u00edn\u0171 fajt\u00e1kkal szemben.<\/p>\n","protected":false},"featured_media":11500,"comment_status":"open","ping_status":"closed","template":"","meta":[],"product_brand":[],"product_cat":[234],"product_tag":[],"class_list":{"0":"post-11474","1":"product","2":"type-product","3":"status-publish","4":"has-post-thumbnail","6":"product_cat-dinnye-es-tok-vetomagok-agrosel-vetomagok","8":"first","9":"instock","10":"taxable","11":"shipping-taxable","12":"purchasable","13":"product-type-simple"},"_links":{"self":[{"href":"https:\/\/chilimag.hu\/webshop\/wp-json\/wp\/v2\/product\/11474","targetHints":{"allow":["GET"]}}],"collection":[{"href":"https:\/\/chilimag.hu\/webshop\/wp-json\/wp\/v2\/product"}],"about":[{"href":"https:\/\/chilimag.hu\/webshop\/wp-json\/wp\/v2\/types\/product"}],"replies":[{"embeddable":true,"href":"https:\/\/chilimag.hu\/webshop\/wp-json\/wp\/v2\/comments?post=11474"}],"wp:featuredmedia":[{"embeddable":true,"href":"https:\/\/chilimag.hu\/webshop\/wp-json\/wp\/v2\/media\/11500"}],"wp:attachment":[{"href":"https:\/\/chilimag.hu\/webshop\/wp-json\/wp\/v2\/media?parent=11474"}],"wp:term":[{"taxonomy":"product_brand","embeddable":true,"href":"https:\/\/chilimag.hu\/webshop\/wp-json\/wp\/v2\/product_brand?post=11474"},{"taxonomy":"product_cat","embeddable":true,"href":"https:\/\/chilimag.hu\/webshop\/wp-json\/wp\/v2\/product_cat?post=11474"},{"taxonomy":"product_tag","embeddable":true,"href":"https:\/\/chilimag.hu\/webshop\/wp-json\/wp\/v2\/product_tag?post=11474"}],"curies":[{"name":"wp","href":"https:\/\/api.w.org\/{rel}","templated":true}]}}