{"id":11467,"date":"2021-01-16T18:48:44","date_gmt":"2021-01-16T18:48:44","guid":{"rendered":"https:\/\/chilimag.hu\/webshop\/termek\/import-placeholder-for-3979\/"},"modified":"2026-02-18T12:57:38","modified_gmt":"2026-02-18T12:57:38","slug":"sutotok-tudor","status":"publish","type":"product","link":"https:\/\/chilimag.hu\/webshop\/termek\/sutotok-tudor\/","title":{"rendered":"S\u00fct\u0151t\u00f6k Tudor Ag 3"},"content":{"rendered":"","protected":false},"excerpt":{"rendered":"<p>&#8222;Teny\u00e9szideje 145-160 nap. Hossz\u00fa ind\u00e1j\u00fa, term\u00e9se lap\u00edtott g\u00f6mb.<br \/>\nH\u00e9ja vil\u00e1gos sz\u00fcrke, h\u00fasa narancss\u00e1rga sz\u00edn\u0171. \u00c1tlagt\u00f6mege 6-10 kg.<br \/>\nT\u00e1rol\u00e1sra alkalmas.&#8221;<\/p>\n","protected":false},"featured_media":11493,"comment_status":"open","ping_status":"closed","template":"","meta":[],"product_brand":[],"product_cat":[234],"product_tag":[],"class_list":{"0":"post-11467","1":"product","2":"type-product","3":"status-publish","4":"has-post-thumbnail","6":"product_cat-dinnye-es-tok-vetomagok-agrosel-vetomagok","8":"first","9":"instock","10":"taxable","11":"shipping-taxable","12":"purchasable","13":"product-type-simple"},"_links":{"self":[{"href":"https:\/\/chilimag.hu\/webshop\/wp-json\/wp\/v2\/product\/11467","targetHints":{"allow":["GET"]}}],"collection":[{"href":"https:\/\/chilimag.hu\/webshop\/wp-json\/wp\/v2\/product"}],"about":[{"href":"https:\/\/chilimag.hu\/webshop\/wp-json\/wp\/v2\/types\/product"}],"replies":[{"embeddable":true,"href":"https:\/\/chilimag.hu\/webshop\/wp-json\/wp\/v2\/comments?post=11467"}],"wp:featuredmedia":[{"embeddable":true,"href":"https:\/\/chilimag.hu\/webshop\/wp-json\/wp\/v2\/media\/11493"}],"wp:attachment":[{"href":"https:\/\/chilimag.hu\/webshop\/wp-json\/wp\/v2\/media?parent=11467"}],"wp:term":[{"taxonomy":"product_brand","embeddable":true,"href":"https:\/\/chilimag.hu\/webshop\/wp-json\/wp\/v2\/product_brand?post=11467"},{"taxonomy":"product_cat","embeddable":true,"href":"https:\/\/chilimag.hu\/webshop\/wp-json\/wp\/v2\/product_cat?post=11467"},{"taxonomy":"product_tag","embeddable":true,"href":"https:\/\/chilimag.hu\/webshop\/wp-json\/wp\/v2\/product_tag?post=11467"}],"curies":[{"name":"wp","href":"https:\/\/api.w.org\/{rel}","templated":true}]}}