{"id":11466,"date":"2021-01-16T18:48:43","date_gmt":"2021-01-16T18:48:43","guid":{"rendered":"https:\/\/chilimag.hu\/webshop\/termek\/import-placeholder-for-3977\/"},"modified":"2026-01-31T10:26:35","modified_gmt":"2026-01-31T10:26:35","slug":"kanadai-sutotok-orange-agro-2","status":"publish","type":"product","link":"https:\/\/chilimag.hu\/webshop\/termek\/kanadai-sutotok-orange-agro-2\/","title":{"rendered":"T\u00f6k Orange Agro kanadai s\u00fct\u0151t\u00f6k Ag 3"},"content":{"rendered":"","protected":false},"excerpt":{"rendered":"<p>Term\u00e9s\u00e9nek form\u00e1ja hossz\u00fak\u00e1s, k\u00f6rte alak\u00fa, 3-4 kg s\u00faly\u00fa, h\u00e9ja okkers\u00e1rga, mely \u00e9r\u00e9skor s\u00f6t\u00e9t narancss\u00e1rga lesz. A laza homokos talajokat kedveli. S\u00fctve, f\u0151zve fogyaszthat\u00f3. T\u00e1rolhat\u00f3s\u00e1ga sz\u00e1raz j\u00f3l szell\u0151z\u0151 pinc\u00e9ben j\u00f3.<\/p>\n","protected":false},"featured_media":11492,"comment_status":"open","ping_status":"closed","template":"","meta":[],"product_brand":[],"product_cat":[234],"product_tag":[],"class_list":{"0":"post-11466","1":"product","2":"type-product","3":"status-publish","4":"has-post-thumbnail","6":"product_cat-dinnye-es-tok-vetomagok-agrosel-vetomagok","8":"first","9":"instock","10":"taxable","11":"shipping-taxable","12":"purchasable","13":"product-type-simple"},"_links":{"self":[{"href":"https:\/\/chilimag.hu\/webshop\/wp-json\/wp\/v2\/product\/11466","targetHints":{"allow":["GET"]}}],"collection":[{"href":"https:\/\/chilimag.hu\/webshop\/wp-json\/wp\/v2\/product"}],"about":[{"href":"https:\/\/chilimag.hu\/webshop\/wp-json\/wp\/v2\/types\/product"}],"replies":[{"embeddable":true,"href":"https:\/\/chilimag.hu\/webshop\/wp-json\/wp\/v2\/comments?post=11466"}],"wp:featuredmedia":[{"embeddable":true,"href":"https:\/\/chilimag.hu\/webshop\/wp-json\/wp\/v2\/media\/11492"}],"wp:attachment":[{"href":"https:\/\/chilimag.hu\/webshop\/wp-json\/wp\/v2\/media?parent=11466"}],"wp:term":[{"taxonomy":"product_brand","embeddable":true,"href":"https:\/\/chilimag.hu\/webshop\/wp-json\/wp\/v2\/product_brand?post=11466"},{"taxonomy":"product_cat","embeddable":true,"href":"https:\/\/chilimag.hu\/webshop\/wp-json\/wp\/v2\/product_cat?post=11466"},{"taxonomy":"product_tag","embeddable":true,"href":"https:\/\/chilimag.hu\/webshop\/wp-json\/wp\/v2\/product_tag?post=11466"}],"curies":[{"name":"wp","href":"https:\/\/api.w.org\/{rel}","templated":true}]}}