{"id":11463,"date":"2021-01-16T18:48:43","date_gmt":"2021-01-16T18:48:43","guid":{"rendered":"https:\/\/chilimag.hu\/webshop\/termek\/import-placeholder-for-3965\/"},"modified":"2026-02-16T20:40:21","modified_gmt":"2026-02-16T20:40:21","slug":"sarga-cukkini-goldena","status":"publish","type":"product","link":"https:\/\/chilimag.hu\/webshop\/termek\/sarga-cukkini-goldena\/","title":{"rendered":"T\u00f6k Goldena  cukkini Ag 3"},"content":{"rendered":"","protected":false},"excerpt":{"rendered":"<p>R\u00f6vid teny\u00e9szidej\u0171. Term\u00e9se henger alak\u00fa, h\u00e9ja k\u00fcl\u00f6nleges aranys\u00e1rga. A leg\u00edzletesebb term\u00e9sek 20-22 cm hossz\u00faak. A gy\u00fcm\u00f6lcs\u00f6k gyorsan fejl\u0151dnek. S\u00e1rga sz\u00edne el\u0151ny\u0151sebb m\u00e1s z\u00f6ldsz\u00edn\u0171 fajt\u00e1kkal szemben.<\/p>\n","protected":false},"featured_media":11489,"comment_status":"open","ping_status":"closed","template":"","meta":[],"product_brand":[],"product_cat":[234],"product_tag":[],"class_list":{"0":"post-11463","1":"product","2":"type-product","3":"status-publish","4":"has-post-thumbnail","6":"product_cat-dinnye-es-tok-vetomagok-agrosel-vetomagok","8":"first","9":"instock","10":"taxable","11":"shipping-taxable","12":"purchasable","13":"product-type-simple"},"_links":{"self":[{"href":"https:\/\/chilimag.hu\/webshop\/wp-json\/wp\/v2\/product\/11463","targetHints":{"allow":["GET"]}}],"collection":[{"href":"https:\/\/chilimag.hu\/webshop\/wp-json\/wp\/v2\/product"}],"about":[{"href":"https:\/\/chilimag.hu\/webshop\/wp-json\/wp\/v2\/types\/product"}],"replies":[{"embeddable":true,"href":"https:\/\/chilimag.hu\/webshop\/wp-json\/wp\/v2\/comments?post=11463"}],"wp:featuredmedia":[{"embeddable":true,"href":"https:\/\/chilimag.hu\/webshop\/wp-json\/wp\/v2\/media\/11489"}],"wp:attachment":[{"href":"https:\/\/chilimag.hu\/webshop\/wp-json\/wp\/v2\/media?parent=11463"}],"wp:term":[{"taxonomy":"product_brand","embeddable":true,"href":"https:\/\/chilimag.hu\/webshop\/wp-json\/wp\/v2\/product_brand?post=11463"},{"taxonomy":"product_cat","embeddable":true,"href":"https:\/\/chilimag.hu\/webshop\/wp-json\/wp\/v2\/product_cat?post=11463"},{"taxonomy":"product_tag","embeddable":true,"href":"https:\/\/chilimag.hu\/webshop\/wp-json\/wp\/v2\/product_tag?post=11463"}],"curies":[{"name":"wp","href":"https:\/\/api.w.org\/{rel}","templated":true}]}}