{"id":11425,"date":"2021-01-16T18:43:19","date_gmt":"2021-01-16T18:43:19","guid":{"rendered":"https:\/\/chilimag.hu\/webshop\/termek\/import-placeholder-for-4368\/"},"modified":"2026-01-22T14:42:37","modified_gmt":"2026-01-22T14:42:37","slug":"salata-helmut-3","status":"publish","type":"product","link":"https:\/\/chilimag.hu\/webshop\/termek\/salata-helmut-3\/","title":{"rendered":"Sal\u00e1ta Helmut Ag 4"},"content":{"rendered":"","protected":false},"excerpt":{"rendered":"<p>\u0150szi \u00e9s t\u00e9li vet\u00e9sre alkalmas fajta. Fejm\u00e9rete k\u00f6zepes nagys\u00e1g\u00fa, t\u00f6m\u00f6r, lev\u00e9lzete sima, vil\u00e1gosz\u00f6ld sz\u00edn\u0171. F\u00f3lias\u00e1torba \u00e9s szabadf\u00f6ldre javasolt fajta. Felmagz\u00e1sa k\u00e9sei.<\/p>\n","protected":false},"featured_media":11450,"comment_status":"open","ping_status":"closed","template":"","meta":[],"product_brand":[],"product_cat":[232],"product_tag":[],"class_list":{"0":"post-11425","1":"product","2":"type-product","3":"status-publish","4":"has-post-thumbnail","6":"product_cat-salata-es-retek","8":"first","9":"instock","10":"taxable","11":"shipping-taxable","12":"purchasable","13":"product-type-simple"},"_links":{"self":[{"href":"https:\/\/chilimag.hu\/webshop\/wp-json\/wp\/v2\/product\/11425","targetHints":{"allow":["GET"]}}],"collection":[{"href":"https:\/\/chilimag.hu\/webshop\/wp-json\/wp\/v2\/product"}],"about":[{"href":"https:\/\/chilimag.hu\/webshop\/wp-json\/wp\/v2\/types\/product"}],"replies":[{"embeddable":true,"href":"https:\/\/chilimag.hu\/webshop\/wp-json\/wp\/v2\/comments?post=11425"}],"wp:featuredmedia":[{"embeddable":true,"href":"https:\/\/chilimag.hu\/webshop\/wp-json\/wp\/v2\/media\/11450"}],"wp:attachment":[{"href":"https:\/\/chilimag.hu\/webshop\/wp-json\/wp\/v2\/media?parent=11425"}],"wp:term":[{"taxonomy":"product_brand","embeddable":true,"href":"https:\/\/chilimag.hu\/webshop\/wp-json\/wp\/v2\/product_brand?post=11425"},{"taxonomy":"product_cat","embeddable":true,"href":"https:\/\/chilimag.hu\/webshop\/wp-json\/wp\/v2\/product_cat?post=11425"},{"taxonomy":"product_tag","embeddable":true,"href":"https:\/\/chilimag.hu\/webshop\/wp-json\/wp\/v2\/product_tag?post=11425"}],"curies":[{"name":"wp","href":"https:\/\/api.w.org\/{rel}","templated":true}]}}