{"id":11421,"date":"2021-01-16T18:43:19","date_gmt":"2021-01-16T18:43:19","guid":{"rendered":"https:\/\/chilimag.hu\/webshop\/termek\/import-placeholder-for-4207\/"},"modified":"2026-04-07T23:28:25","modified_gmt":"2026-04-07T23:28:25","slug":"salata-odagiu","status":"publish","type":"product","link":"https:\/\/chilimag.hu\/webshop\/termek\/salata-odagiu\/","title":{"rendered":"Sal\u00e1ta Odagiu Ag 2"},"content":{"rendered":"","protected":false},"excerpt":{"rendered":"<p>Teny\u00e9szideje 67-70 nap. K\u00f6zepes m\u00e9ret\u0171, s\u00f6t\u00e9t v\u00f6r\u00f6s sz\u00edn\u0171, dekorat\u00edv t\u00e9p\u0151sal\u00e1ta. Lev\u00e9lr\u00f3zs\u00e1t fejleszt, melynek magass\u00e1ga 15-20 cm. Tavaszi \u00e9s \u0151szi termeszt\u00e9sre javasolt.<\/p>\n","protected":false},"featured_media":11446,"comment_status":"open","ping_status":"closed","template":"","meta":[],"product_brand":[],"product_cat":[232],"product_tag":[],"class_list":{"0":"post-11421","1":"product","2":"type-product","3":"status-publish","4":"has-post-thumbnail","6":"product_cat-salata-es-retek","8":"first","9":"instock","10":"taxable","11":"shipping-taxable","12":"purchasable","13":"product-type-simple"},"_links":{"self":[{"href":"https:\/\/chilimag.hu\/webshop\/wp-json\/wp\/v2\/product\/11421","targetHints":{"allow":["GET"]}}],"collection":[{"href":"https:\/\/chilimag.hu\/webshop\/wp-json\/wp\/v2\/product"}],"about":[{"href":"https:\/\/chilimag.hu\/webshop\/wp-json\/wp\/v2\/types\/product"}],"replies":[{"embeddable":true,"href":"https:\/\/chilimag.hu\/webshop\/wp-json\/wp\/v2\/comments?post=11421"}],"wp:featuredmedia":[{"embeddable":true,"href":"https:\/\/chilimag.hu\/webshop\/wp-json\/wp\/v2\/media\/11446"}],"wp:attachment":[{"href":"https:\/\/chilimag.hu\/webshop\/wp-json\/wp\/v2\/media?parent=11421"}],"wp:term":[{"taxonomy":"product_brand","embeddable":true,"href":"https:\/\/chilimag.hu\/webshop\/wp-json\/wp\/v2\/product_brand?post=11421"},{"taxonomy":"product_cat","embeddable":true,"href":"https:\/\/chilimag.hu\/webshop\/wp-json\/wp\/v2\/product_cat?post=11421"},{"taxonomy":"product_tag","embeddable":true,"href":"https:\/\/chilimag.hu\/webshop\/wp-json\/wp\/v2\/product_tag?post=11421"}],"curies":[{"name":"wp","href":"https:\/\/api.w.org\/{rel}","templated":true}]}}