{"id":11418,"date":"2021-01-16T18:43:18","date_gmt":"2021-01-16T18:43:18","guid":{"rendered":"https:\/\/chilimag.hu\/webshop\/termek\/import-placeholder-for-4199\/"},"modified":"2026-03-11T12:35:53","modified_gmt":"2026-03-11T12:35:53","slug":"retek-johanna-2","status":"publish","type":"product","link":"https:\/\/chilimag.hu\/webshop\/termek\/retek-johanna-2\/","title":{"rendered":"Retek Johanna Ag 2"},"content":{"rendered":"","protected":false},"excerpt":{"rendered":"<p>H\u00f3napos retek, gum\u00f3ja g\u00f6mb alak\u00fa, piros sz\u00edn\u0171. Pudv\u00e1sod\u00e1sra \u00e9s reped\u00e9sre ellen\u00e1ll\u00f3. Szabadf\u00f6ldi \u00e9s f\u00f3lia alatti termeszt\u00e9sre alkalmas.<\/p>\n","protected":false},"featured_media":11443,"comment_status":"open","ping_status":"closed","template":"","meta":[],"product_brand":[],"product_cat":[232],"product_tag":[],"class_list":{"0":"post-11418","1":"product","2":"type-product","3":"status-publish","4":"has-post-thumbnail","6":"product_cat-salata-es-retek","8":"first","9":"instock","10":"taxable","11":"shipping-taxable","12":"purchasable","13":"product-type-simple"},"_links":{"self":[{"href":"https:\/\/chilimag.hu\/webshop\/wp-json\/wp\/v2\/product\/11418","targetHints":{"allow":["GET"]}}],"collection":[{"href":"https:\/\/chilimag.hu\/webshop\/wp-json\/wp\/v2\/product"}],"about":[{"href":"https:\/\/chilimag.hu\/webshop\/wp-json\/wp\/v2\/types\/product"}],"replies":[{"embeddable":true,"href":"https:\/\/chilimag.hu\/webshop\/wp-json\/wp\/v2\/comments?post=11418"}],"wp:featuredmedia":[{"embeddable":true,"href":"https:\/\/chilimag.hu\/webshop\/wp-json\/wp\/v2\/media\/11443"}],"wp:attachment":[{"href":"https:\/\/chilimag.hu\/webshop\/wp-json\/wp\/v2\/media?parent=11418"}],"wp:term":[{"taxonomy":"product_brand","embeddable":true,"href":"https:\/\/chilimag.hu\/webshop\/wp-json\/wp\/v2\/product_brand?post=11418"},{"taxonomy":"product_cat","embeddable":true,"href":"https:\/\/chilimag.hu\/webshop\/wp-json\/wp\/v2\/product_cat?post=11418"},{"taxonomy":"product_tag","embeddable":true,"href":"https:\/\/chilimag.hu\/webshop\/wp-json\/wp\/v2\/product_tag?post=11418"}],"curies":[{"name":"wp","href":"https:\/\/api.w.org\/{rel}","templated":true}]}}