{"id":114,"date":"2014-11-08T14:15:03","date_gmt":"2014-11-08T14:15:03","guid":{"rendered":"https:\/\/chilimag.hu\/webshop\/?post_type=product&#038;p=114"},"modified":"2026-01-06T11:08:30","modified_gmt":"2026-01-06T11:08:30","slug":"bhut-jolokia-chocolate","status":"publish","type":"product","link":"https:\/\/chilimag.hu\/webshop\/termek\/bhut-jolokia-chocolate\/","title":{"rendered":"Bhut jolokia chocolate M-S"},"content":{"rendered":"","protected":false},"excerpt":{"rendered":"<p><img decoding=\"async\" src=\"https:\/\/chilimag.hu\/webshop\/wp-content\/uploads\/2014\/11\/chilimag-logo-2-150x150.jpg\" \/><\/p>\n<p>Le\u00edr\u00e1s<\/p>\n<p>Miel\u0151tt az \u00fajabb, cs\u00edp\u0151sebb fajt\u00e1k szinte minden \u00e9vben megk\u00fczd\u00f6ttek egym\u00e1ssal a legcs\u00edp\u0151sebb chili rekordj\u00e1\u00e9rt, a bhut jolokia (bih jolokia) viszonylag sok\u00e1ig (2007-2011) \u00e1llt a lista \u00e9l\u00e9n. A n\u00f6v\u00e9ny eredetileg az indiai Assam r\u00e9gi\u00f3b\u00f3l sz\u00e1rmazik, \u00e9s a k\u00e9t faj, a Capsicum chinense \u00e9s a Capsicum frutescens term\u00e9szetes eredet\u0171 hibridje. Indi\u00e1ban, a n\u00f6v\u00e9ny sz\u00e1rmaz\u00e1si orsz\u00e1g\u00e1ban ennek a fajt\u00e1nak a f\u0171szeres h\u0151je ak\u00e1r 1 milli\u00f3 Scoville h\u0151egys\u00e9get is el\u00e9rhet.<\/p>\n<p>A Bhut Jolokia csokol\u00e1d\u00e9 a piros jolokia paprika m\u00e1sik fajt\u00e1ja. A hossz\u00fak\u00e1s bhut jolokia chili paprika z\u00f6ldt\u0151l barn\u00e1ig \u00e9rik, \u00e9rdes, egyenetlen fel\u00fclet\u0171, rendk\u00edv\u00fcl gy\u00fcm\u00f6lcs\u00f6s \u00edz\u0171. N\u00f6veked\u00e9s\u00fck sor\u00e1n nagy meleget ig\u00e9nyelnek, ugyanakkor a paprika nagyon hossz\u00fa \u00e9rlel\u00e9si peri\u00f3dus\u00fa, vagyis k\u00f6r\u00fclbel\u00fcl 160 nap telhet el a magok el\u00fcltet\u00e9se \u00e9s a term\u00e9s betakar\u00edt\u00e1sa k\u00f6z\u00f6tt. Mindig haszn\u00e1ljon eldobhat\u00f3 keszty\u0171t, amikor ezekkel a paprik\u00e1kkal dolgozik.<\/p>\n<p>Gondoz\u00e1s: A cs\u00edr\u00e1z\u00e1si h\u0151m\u00e9rs\u00e9klet 22\u00b0C \u00e9s 28\u00b0C k\u00f6z\u00f6tt van (cs\u00edr\u00e1z\u00e1si id\u0151: 8-21 nap); ez\u00e9rt \u00fcvegh\u00e1z \u00e9s f\u0171t\u0151sz\u0151nyeg haszn\u00e1lata javasolt. A n\u00f6v\u00e9nyeknek friss, j\u00f3l tr\u00e1gy\u00e1zott, v\u00edz\u00e1tereszt\u0151 talajra van sz\u00fcks\u00e9g\u00fck, nem t\u0171rik a bevizesed\u00e9st. Napos, v\u00e9dett helyre \u00fcltess\u00fck, ahol legal\u00e1bb 6 \u00f3ra \u2013 lehet\u0151leg t\u00f6bb \u2013 napf\u00e9ny \u00e9ri. Tedd ki a n\u00f6v\u00e9nyeket kb. 2-3 h\u00e9ttel az utols\u00f3 fagy ut\u00e1n. Mivel a n\u00f6v\u00e9nyeknek k\u00fcl\u00f6n\u00f6sen hossz\u00fa az \u00e9r\u00e9si ideje, \u00e9rdemes cser\u00e9pben termeszteni \u0151ket, \u00edgy a napk\u00f6zbeni h\u0151m\u00e9rs\u00e9klet 12\u00b0C al\u00e1 s\u00fcllyed\u00e9sekor k\u00f6nnyen be lehet vinni a n\u00f6v\u00e9nyt, \u00edgy minden gy\u00fcm\u00f6lcs be\u00e9rik. Ahhoz, hogy a n\u00f6v\u00e9nyt t\u00e9len is meg\u0151rizze, betakar\u00edt\u00e1s ut\u00e1n v\u00e1gja vissza 20 cm-rel, \u00e9s tegye vil\u00e1gos helyre, ahol legal\u00e1bb 15\u00b0C h\u0151m\u00e9rs\u00e9klet\u0171.<\/p>\n<p>T\u00edpus Capsicum chinense<br \/>\nF\u0171szerszint 10+++<br \/>\nScoville-i \u00e1tlag 1.001.304 SHU<br \/>\nOptim\u00e1lis cs\u00edr\u00e1z\u00e1si h\u0151m\u00e9rs\u00e9klet 22 &#8211; 28 \u00b0C<br \/>\nVet\u00e9s jan-\u00e1pr<br \/>\nFeh\u00e9r vir\u00e1gok (j\u00fan.-auguszt.)<br \/>\nN\u00f6veked\u00e9si szok\u00e1s kb. 90 cm magas<br \/>\n\u00c9rlel\u00e9s z\u00f6ldt\u0151l barn\u00e1ig<br \/>\nGy\u00fcm\u00f6lcs megjelen\u00e9se Hossz\u00fak\u00e1s, hegyes alak\u00fa, \u00e9rdes fel\u00fclet\u0171, kb. 3 x 7 cm<br \/>\n\u00c9rlel\u00e9si id\u0151 100-120 nap<br \/>\nSz\u00e1rmaz\u00e1sa India<\/p>\n<p>A csomag 10 szem \u00a0magot tartalmaz<\/p>\n","protected":false},"featured_media":115,"comment_status":"open","ping_status":"closed","template":"","meta":[],"product_brand":[],"product_cat":[8],"product_tag":[],"class_list":{"0":"post-114","1":"product","2":"type-product","3":"status-publish","4":"has-post-thumbnail","6":"product_cat-paprika","8":"first","9":"instock","10":"taxable","11":"shipping-taxable","12":"purchasable","13":"product-type-simple"},"_links":{"self":[{"href":"https:\/\/chilimag.hu\/webshop\/wp-json\/wp\/v2\/product\/114","targetHints":{"allow":["GET"]}}],"collection":[{"href":"https:\/\/chilimag.hu\/webshop\/wp-json\/wp\/v2\/product"}],"about":[{"href":"https:\/\/chilimag.hu\/webshop\/wp-json\/wp\/v2\/types\/product"}],"replies":[{"embeddable":true,"href":"https:\/\/chilimag.hu\/webshop\/wp-json\/wp\/v2\/comments?post=114"}],"wp:featuredmedia":[{"embeddable":true,"href":"https:\/\/chilimag.hu\/webshop\/wp-json\/wp\/v2\/media\/115"}],"wp:attachment":[{"href":"https:\/\/chilimag.hu\/webshop\/wp-json\/wp\/v2\/media?parent=114"}],"wp:term":[{"taxonomy":"product_brand","embeddable":true,"href":"https:\/\/chilimag.hu\/webshop\/wp-json\/wp\/v2\/product_brand?post=114"},{"taxonomy":"product_cat","embeddable":true,"href":"https:\/\/chilimag.hu\/webshop\/wp-json\/wp\/v2\/product_cat?post=114"},{"taxonomy":"product_tag","embeddable":true,"href":"https:\/\/chilimag.hu\/webshop\/wp-json\/wp\/v2\/product_tag?post=114"}],"curies":[{"name":"wp","href":"https:\/\/api.w.org\/{rel}","templated":true}]}}