{"id":11368,"date":"2021-01-16T18:38:32","date_gmt":"2021-01-16T18:38:32","guid":{"rendered":"https:\/\/chilimag.hu\/webshop\/termek\/import-placeholder-for-4363\/"},"modified":"2026-02-10T21:14:31","modified_gmt":"2026-02-10T21:14:31","slug":"petrezselyem-felhosszu","status":"publish","type":"product","link":"https:\/\/chilimag.hu\/webshop\/termek\/petrezselyem-felhosszu\/","title":{"rendered":"Petrezselyem gy\u00f6k\u00e9r f\u00e9lhossz\u00fa Ag 4"},"content":{"rendered":"","protected":false},"excerpt":{"rendered":"<p>Darazs\u00edrozott vet\u0151mag.<\/p>\n<p>Teny\u00e9szideje 150 nap. A f\u00e9lhossz\u00fa, sima fel\u00fclet\u0171, k\u00fapos gy\u00f6kerek m\u00e9lyen megmunk\u00e1lt talajt k\u00edv\u00e1nnak.<\/p>\n","protected":false},"featured_media":11392,"comment_status":"open","ping_status":"closed","template":"","meta":[],"product_brand":[],"product_cat":[230],"product_tag":[],"class_list":{"0":"post-11368","1":"product","2":"type-product","3":"status-publish","4":"has-post-thumbnail","6":"product_cat-zoldseg-vetomagok-agrosel-vetomagok","8":"first","9":"outofstock","10":"taxable","11":"shipping-taxable","12":"purchasable","13":"product-type-simple"},"_links":{"self":[{"href":"https:\/\/chilimag.hu\/webshop\/wp-json\/wp\/v2\/product\/11368","targetHints":{"allow":["GET"]}}],"collection":[{"href":"https:\/\/chilimag.hu\/webshop\/wp-json\/wp\/v2\/product"}],"about":[{"href":"https:\/\/chilimag.hu\/webshop\/wp-json\/wp\/v2\/types\/product"}],"replies":[{"embeddable":true,"href":"https:\/\/chilimag.hu\/webshop\/wp-json\/wp\/v2\/comments?post=11368"}],"wp:featuredmedia":[{"embeddable":true,"href":"https:\/\/chilimag.hu\/webshop\/wp-json\/wp\/v2\/media\/11392"}],"wp:attachment":[{"href":"https:\/\/chilimag.hu\/webshop\/wp-json\/wp\/v2\/media?parent=11368"}],"wp:term":[{"taxonomy":"product_brand","embeddable":true,"href":"https:\/\/chilimag.hu\/webshop\/wp-json\/wp\/v2\/product_brand?post=11368"},{"taxonomy":"product_cat","embeddable":true,"href":"https:\/\/chilimag.hu\/webshop\/wp-json\/wp\/v2\/product_cat?post=11368"},{"taxonomy":"product_tag","embeddable":true,"href":"https:\/\/chilimag.hu\/webshop\/wp-json\/wp\/v2\/product_tag?post=11368"}],"curies":[{"name":"wp","href":"https:\/\/api.w.org\/{rel}","templated":true}]}}