{"id":11366,"date":"2021-01-16T18:38:32","date_gmt":"2021-01-16T18:38:32","guid":{"rendered":"https:\/\/chilimag.hu\/webshop\/termek\/import-placeholder-for-4231\/"},"modified":"2026-04-24T09:16:26","modified_gmt":"2026-04-24T09:16:26","slug":"sparga-asparagus-officinalis-l","status":"publish","type":"product","link":"https:\/\/chilimag.hu\/webshop\/termek\/sparga-asparagus-officinalis-l\/","title":{"rendered":"Sp\u00e1rga Asparagus officinalis L. Ag 2"},"content":{"rendered":"","protected":false},"excerpt":{"rendered":"<p>\u00c9vel\u0151 n\u00f6v\u00e9ny. Fiatal hajt\u00e1sai miatt termesztik. Frissen \u00e9s konzervk\u00e9nt fogyasztj\u00e1k.<\/p>\n","protected":false},"featured_media":11390,"comment_status":"open","ping_status":"closed","template":"","meta":[],"product_brand":[],"product_cat":[230],"product_tag":[],"class_list":{"0":"post-11366","1":"product","2":"type-product","3":"status-publish","4":"has-post-thumbnail","6":"product_cat-zoldseg-vetomagok-agrosel-vetomagok","8":"first","9":"instock","10":"taxable","11":"shipping-taxable","12":"purchasable","13":"product-type-simple"},"_links":{"self":[{"href":"https:\/\/chilimag.hu\/webshop\/wp-json\/wp\/v2\/product\/11366","targetHints":{"allow":["GET"]}}],"collection":[{"href":"https:\/\/chilimag.hu\/webshop\/wp-json\/wp\/v2\/product"}],"about":[{"href":"https:\/\/chilimag.hu\/webshop\/wp-json\/wp\/v2\/types\/product"}],"replies":[{"embeddable":true,"href":"https:\/\/chilimag.hu\/webshop\/wp-json\/wp\/v2\/comments?post=11366"}],"wp:featuredmedia":[{"embeddable":true,"href":"https:\/\/chilimag.hu\/webshop\/wp-json\/wp\/v2\/media\/11390"}],"wp:attachment":[{"href":"https:\/\/chilimag.hu\/webshop\/wp-json\/wp\/v2\/media?parent=11366"}],"wp:term":[{"taxonomy":"product_brand","embeddable":true,"href":"https:\/\/chilimag.hu\/webshop\/wp-json\/wp\/v2\/product_brand?post=11366"},{"taxonomy":"product_cat","embeddable":true,"href":"https:\/\/chilimag.hu\/webshop\/wp-json\/wp\/v2\/product_cat?post=11366"},{"taxonomy":"product_tag","embeddable":true,"href":"https:\/\/chilimag.hu\/webshop\/wp-json\/wp\/v2\/product_tag?post=11366"}],"curies":[{"name":"wp","href":"https:\/\/api.w.org\/{rel}","templated":true}]}}