{"id":11365,"date":"2021-01-16T18:38:32","date_gmt":"2021-01-16T18:38:32","guid":{"rendered":"https:\/\/chilimag.hu\/webshop\/termek\/import-placeholder-for-4225\/"},"modified":"2026-01-22T16:05:35","modified_gmt":"2026-01-22T16:05:35","slug":"sargarepa-danvers","status":"publish","type":"product","link":"https:\/\/chilimag.hu\/webshop\/termek\/sargarepa-danvers\/","title":{"rendered":"S\u00e1rgar\u00e9pa Danvers Ag 2"},"content":{"rendered":"","protected":false},"excerpt":{"rendered":"<p>Teny\u00e9szideje 130-150 nap, gy\u00f6kere hossz\u00fa, v\u00e1ll\u00e1t\u00f3l egyenletesen keskenyed\u0151, 18-20 cm hossz\u00fa, 6 cm sz\u00e9les. A gy\u00f6k\u00e9r bels\u0151 sz\u00edne egy\u00f6ntet\u0171. Ipari feldolgoz\u00e1sra \u00e9s friss fogyaszt\u00e1sra is alkalmas.<\/p>\n","protected":false},"featured_media":11389,"comment_status":"open","ping_status":"closed","template":"","meta":[],"product_brand":[],"product_cat":[230],"product_tag":[],"class_list":{"0":"post-11365","1":"product","2":"type-product","3":"status-publish","4":"has-post-thumbnail","6":"product_cat-zoldseg-vetomagok-agrosel-vetomagok","8":"first","9":"instock","10":"taxable","11":"shipping-taxable","12":"purchasable","13":"product-type-simple"},"_links":{"self":[{"href":"https:\/\/chilimag.hu\/webshop\/wp-json\/wp\/v2\/product\/11365","targetHints":{"allow":["GET"]}}],"collection":[{"href":"https:\/\/chilimag.hu\/webshop\/wp-json\/wp\/v2\/product"}],"about":[{"href":"https:\/\/chilimag.hu\/webshop\/wp-json\/wp\/v2\/types\/product"}],"replies":[{"embeddable":true,"href":"https:\/\/chilimag.hu\/webshop\/wp-json\/wp\/v2\/comments?post=11365"}],"wp:featuredmedia":[{"embeddable":true,"href":"https:\/\/chilimag.hu\/webshop\/wp-json\/wp\/v2\/media\/11389"}],"wp:attachment":[{"href":"https:\/\/chilimag.hu\/webshop\/wp-json\/wp\/v2\/media?parent=11365"}],"wp:term":[{"taxonomy":"product_brand","embeddable":true,"href":"https:\/\/chilimag.hu\/webshop\/wp-json\/wp\/v2\/product_brand?post=11365"},{"taxonomy":"product_cat","embeddable":true,"href":"https:\/\/chilimag.hu\/webshop\/wp-json\/wp\/v2\/product_cat?post=11365"},{"taxonomy":"product_tag","embeddable":true,"href":"https:\/\/chilimag.hu\/webshop\/wp-json\/wp\/v2\/product_tag?post=11365"}],"curies":[{"name":"wp","href":"https:\/\/api.w.org\/{rel}","templated":true}]}}