{"id":11358,"date":"2021-01-16T18:38:31","date_gmt":"2021-01-16T18:38:31","guid":{"rendered":"https:\/\/chilimag.hu\/webshop\/termek\/import-placeholder-for-3975\/"},"modified":"2026-01-22T16:10:33","modified_gmt":"2026-01-22T16:10:33","slug":"spenot-modi-f1","status":"publish","type":"product","link":"https:\/\/chilimag.hu\/webshop\/termek\/spenot-modi-f1\/","title":{"rendered":"Spen\u00f3t Modi F1 Ag 3"},"content":{"rendered":"","protected":false},"excerpt":{"rendered":"<p>Korai hibrid. Er\u0151teljes n\u00f6veked\u00e9s\u0171, s\u00f6t\u00e9tz\u00f6ld,ov\u00e1lis levelei k\u00f6zepes m\u00e9ret\u00fcek. Pen\u00e9szgomb\u00e1ra rezisztens. Friss fogyaszt\u00e1sra alkalmas.<\/p>\n","protected":false},"featured_media":11382,"comment_status":"open","ping_status":"closed","template":"","meta":[],"product_brand":[],"product_cat":[230],"product_tag":[],"class_list":{"0":"post-11358","1":"product","2":"type-product","3":"status-publish","4":"has-post-thumbnail","6":"product_cat-zoldseg-vetomagok-agrosel-vetomagok","8":"first","9":"instock","10":"taxable","11":"shipping-taxable","12":"purchasable","13":"product-type-simple"},"_links":{"self":[{"href":"https:\/\/chilimag.hu\/webshop\/wp-json\/wp\/v2\/product\/11358","targetHints":{"allow":["GET"]}}],"collection":[{"href":"https:\/\/chilimag.hu\/webshop\/wp-json\/wp\/v2\/product"}],"about":[{"href":"https:\/\/chilimag.hu\/webshop\/wp-json\/wp\/v2\/types\/product"}],"replies":[{"embeddable":true,"href":"https:\/\/chilimag.hu\/webshop\/wp-json\/wp\/v2\/comments?post=11358"}],"wp:featuredmedia":[{"embeddable":true,"href":"https:\/\/chilimag.hu\/webshop\/wp-json\/wp\/v2\/media\/11382"}],"wp:attachment":[{"href":"https:\/\/chilimag.hu\/webshop\/wp-json\/wp\/v2\/media?parent=11358"}],"wp:term":[{"taxonomy":"product_brand","embeddable":true,"href":"https:\/\/chilimag.hu\/webshop\/wp-json\/wp\/v2\/product_brand?post=11358"},{"taxonomy":"product_cat","embeddable":true,"href":"https:\/\/chilimag.hu\/webshop\/wp-json\/wp\/v2\/product_cat?post=11358"},{"taxonomy":"product_tag","embeddable":true,"href":"https:\/\/chilimag.hu\/webshop\/wp-json\/wp\/v2\/product_tag?post=11358"}],"curies":[{"name":"wp","href":"https:\/\/api.w.org\/{rel}","templated":true}]}}