{"id":1135,"date":"2015-01-29T18:26:12","date_gmt":"2015-01-29T18:26:12","guid":{"rendered":"https:\/\/chilimag.hu\/webshop\/?post_type=product&#038;p=1135"},"modified":"2026-01-31T10:26:35","modified_gmt":"2026-01-31T10:26:35","slug":"white-beefsteak","status":"publish","type":"product","link":"https:\/\/chilimag.hu\/webshop\/termek\/white-beefsteak\/","title":{"rendered":"White Beefsteak B Paradicsom"},"content":{"rendered":"<p>&nbsp;<\/p>\n<p>&nbsp;<\/p>\n","protected":false},"excerpt":{"rendered":"<p><img decoding=\"async\" src=\"https:\/\/chilimag.hu\/webshop\/wp-content\/uploads\/2014\/11\/chilimag-logo-2-150x150.jpg\" \/><\/p>\n<p>&nbsp;<\/p>\n<p>Le\u00edr\u00e1s<\/p>\n<p>A \u00a0White Beefsteak paradicsom kr\u00e9mes feh\u00e9rt\u0151l vil\u00e1goss\u00e1rg\u00e1ig terjed, \u00e9rlel\u0151 beefsteak paradicsom, lapos g\u00f6mb\u00f6ly\u0171 gy\u00fcm\u00f6lcs\u00f6kkel, amelyek ak\u00e1r 500 g t\u00f6meg\u0171ek is. B\u00e1r els\u0151 r\u00e1n\u00e9z\u00e9sre nem a paradicsomra jellemz\u0151 sz\u00ednben pomp\u00e1zik, az \u00edze teljesen fantasztikus &#8211; enyhe, \u00e9des \u00e9s gy\u00fcm\u00f6lcs\u00f6s. Friss fogyaszt\u00e1sra, tart\u00f3s\u00edt\u00e1sra, lekv\u00e1rf\u0151z\u00e9sre alkalmasak. A n\u00f6v\u00e9nyek viszonylag nagyra n\u0151nek (ak\u00e1r 2 m\u00e9terig), \u00e9s rudakra van sz\u00fcks\u00e9g\u00fck a megt\u00e1maszt\u00e1sukhoz.<\/p>\n<p>Gondoz\u00e1sa: A \u00a0White beefsteak paradicsomot, \u00fcvegh\u00e1zban vagy a szabadban termesztheti. Az optim\u00e1lis cs\u00edr\u00e1z\u00e1si h\u0151m\u00e9rs\u00e9klet 20 \u00e9s 25\u00b0C k\u00f6z\u00f6tt van, a cs\u00edr\u00e1z\u00e1s 8-14 nap ut\u00e1n k\u00f6vetkezik be. Felgyors\u00edthatja a cs\u00edr\u00e1z\u00e1si folyamatot, ha a magokat egy \u00e9jszak\u00e1n \u00e1t nedves ruh\u00e1ban hagyja \u00e1zni. V\u00e1rjon az utols\u00f3 fagy ut\u00e1n a kiv\u00e1lasztott n\u00f6v\u00e9nyek \u00fcltet\u00e9s\u00e9vel.<\/p>\n<p>A paradicsomnak friss, j\u00f3l tr\u00e1gy\u00e1zott, v\u00edz\u00e1tereszt\u0151 talajra van sz\u00fcks\u00e9ge, amelyet nedvesen (de nem nedvesen!) kell tartani. Napos, v\u00e9dett helyre kell \u00fcltetni, ahol legal\u00e1bb 6 \u00f3ra napf\u00e9ny \u00a0lehet\u0151leg t\u00f6bb.<\/p>\n<p>T\u00edpus: White Beefsteak Paradicsom<br \/>\nOptim\u00e1lis cs\u00edr\u00e1z\u00e1si h\u0151m\u00e9rs\u00e9klet 20 &#8211; 25 \u00b0C<br \/>\nVet\u00e9s febru\u00e1r-\u00e1prilis<br \/>\nCs\u00edr\u00e1z\u00e1si id\u0151 8-14 nap<br \/>\nN\u00f6v\u00e9nyn\u00f6veked\u00e9si szok\u00e1s kb. 170-200 cm magas, kar\u00f3s paradicsom<br \/>\nGy\u00fcm\u00f6lcs megjelen\u00e9se kr\u00e9mfeh\u00e9rt\u0151l s\u00e1rg\u00e1ig terjed\u0151, lapos kerek, marhaszelet paradicsom, 200-500 g-ig<br \/>\n\u00cdze zamatos, gy\u00fcm\u00f6lcs\u00f6s, \u00e9des<br \/>\nBetakar\u00edt\u00e1s j\u00falius k\u00f6zep\u00e9t\u0151l okt\u00f3ber elej\u00e9ig<br \/>\nSz\u00e1rmaz\u00e1sa USA<\/p>\n<p>A csomag 10 szem magot tartalmaz<\/p>\n","protected":false},"featured_media":1136,"comment_status":"closed","ping_status":"closed","template":"","meta":[],"product_brand":[],"product_cat":[10],"product_tag":[],"class_list":{"0":"post-1135","1":"product","2":"type-product","3":"status-publish","4":"has-post-thumbnail","6":"product_cat-paradicsom","8":"first","9":"outofstock","10":"taxable","11":"shipping-taxable","12":"purchasable","13":"product-type-simple"},"_links":{"self":[{"href":"https:\/\/chilimag.hu\/webshop\/wp-json\/wp\/v2\/product\/1135","targetHints":{"allow":["GET"]}}],"collection":[{"href":"https:\/\/chilimag.hu\/webshop\/wp-json\/wp\/v2\/product"}],"about":[{"href":"https:\/\/chilimag.hu\/webshop\/wp-json\/wp\/v2\/types\/product"}],"replies":[{"embeddable":true,"href":"https:\/\/chilimag.hu\/webshop\/wp-json\/wp\/v2\/comments?post=1135"}],"wp:featuredmedia":[{"embeddable":true,"href":"https:\/\/chilimag.hu\/webshop\/wp-json\/wp\/v2\/media\/1136"}],"wp:attachment":[{"href":"https:\/\/chilimag.hu\/webshop\/wp-json\/wp\/v2\/media?parent=1135"}],"wp:term":[{"taxonomy":"product_brand","embeddable":true,"href":"https:\/\/chilimag.hu\/webshop\/wp-json\/wp\/v2\/product_brand?post=1135"},{"taxonomy":"product_cat","embeddable":true,"href":"https:\/\/chilimag.hu\/webshop\/wp-json\/wp\/v2\/product_cat?post=1135"},{"taxonomy":"product_tag","embeddable":true,"href":"https:\/\/chilimag.hu\/webshop\/wp-json\/wp\/v2\/product_tag?post=1135"}],"curies":[{"name":"wp","href":"https:\/\/api.w.org\/{rel}","templated":true}]}}