{"id":1133,"date":"2015-01-29T18:25:46","date_gmt":"2015-01-29T18:25:46","guid":{"rendered":"https:\/\/chilimag.hu\/webshop\/?post_type=product&#038;p=1133"},"modified":"2025-08-11T15:37:29","modified_gmt":"2025-08-11T15:37:29","slug":"snowberry","status":"publish","type":"product","link":"https:\/\/chilimag.hu\/webshop\/termek\/snowberry\/","title":{"rendered":"Snowberry B Paradicsom"},"content":{"rendered":"<p>&nbsp;<\/p>\n<p>&nbsp;<\/p>\n","protected":false},"excerpt":{"rendered":"<p><img decoding=\"async\" src=\"https:\/\/chilimag.hu\/webshop\/wp-content\/uploads\/2014\/11\/chilimag-logo-2-150x150.jpg\" \/><\/p>\n<p>&nbsp;<\/p>\n<p>Le\u00edr\u00e1s<\/p>\n<p>Egy Heirloom fajta, amely legfeljebb 50, k\u00f6r\u00fclbel\u00fcl 35 mm \u00e1tm\u00e9r\u0151j\u0171, kr\u00e9mfeh\u00e9r sz\u00edn\u0171, j\u00f3 \u00edz\u0171 gy\u00fcm\u00f6lcsb\u0151l \u00e1ll\u00f3 f\u00fcrt\u00f6ket termel. A sz\u0151l\u0151 er\u0151teljes \u00e9s elviseli a h\u0171v\u00f6sebb id\u0151j\u00e1r\u00e1st (Hat\u00e1rozatlan).\u00a0S\u00e1rg\u00e1sfeh\u00e9r kokt\u00e9l<\/p>\n<p>Gondoz\u00e1sa:A\u00a0Paradicsomot termeszthet otthon, \u00fcvegh\u00e1zban vagy kint. A magokat csak kiss\u00e9 takarja be talajjal. Az optim\u00e1lis cs\u00edr\u00e1z\u00e1si h\u0151m\u00e9rs\u00e9klet 20\u00b0C \u00e9s 25\u00b0C k\u00f6z\u00f6tt van, a cs\u00edr\u00e1z\u00e1s 5-15 nap m\u00falva k\u00f6vetkezik be. Felgyors\u00edthatja a cs\u00edr\u00e1z\u00e1st, ha egy \u00e9jszak\u00e1n \u00e1t nedves ruh\u00e1ban alapozza \u0151ket. A fiatal n\u00f6v\u00e9nyt csak az utols\u00f3 fagy ut\u00e1n szabad a szabadba \u00fcltetni.<\/p>\n<p>A paradicsomnak friss, j\u00f3l tr\u00e1gy\u00e1zott, \u00e1tereszt\u0151 talajra van sz\u00fcks\u00e9ge, amelyet nedvesen (de nem nedvesen!) kell tartani. Napos, v\u00e9dett helyre kell helyezni, ahol legal\u00e1bb napi 6 \u00f3ra napf\u00e9ny \u00e9ri, ha nem t\u00f6bb.<\/p>\n<p>A csomag 10 szem magot tartalmaz<\/p>\n","protected":false},"featured_media":3787,"comment_status":"closed","ping_status":"closed","template":"","meta":[],"product_brand":[],"product_cat":[10],"product_tag":[],"class_list":{"0":"post-1133","1":"product","2":"type-product","3":"status-publish","4":"has-post-thumbnail","6":"product_cat-paradicsom","8":"first","9":"instock","10":"taxable","11":"shipping-taxable","12":"purchasable","13":"product-type-simple"},"_links":{"self":[{"href":"https:\/\/chilimag.hu\/webshop\/wp-json\/wp\/v2\/product\/1133","targetHints":{"allow":["GET"]}}],"collection":[{"href":"https:\/\/chilimag.hu\/webshop\/wp-json\/wp\/v2\/product"}],"about":[{"href":"https:\/\/chilimag.hu\/webshop\/wp-json\/wp\/v2\/types\/product"}],"replies":[{"embeddable":true,"href":"https:\/\/chilimag.hu\/webshop\/wp-json\/wp\/v2\/comments?post=1133"}],"wp:featuredmedia":[{"embeddable":true,"href":"https:\/\/chilimag.hu\/webshop\/wp-json\/wp\/v2\/media\/3787"}],"wp:attachment":[{"href":"https:\/\/chilimag.hu\/webshop\/wp-json\/wp\/v2\/media?parent=1133"}],"wp:term":[{"taxonomy":"product_brand","embeddable":true,"href":"https:\/\/chilimag.hu\/webshop\/wp-json\/wp\/v2\/product_brand?post=1133"},{"taxonomy":"product_cat","embeddable":true,"href":"https:\/\/chilimag.hu\/webshop\/wp-json\/wp\/v2\/product_cat?post=1133"},{"taxonomy":"product_tag","embeddable":true,"href":"https:\/\/chilimag.hu\/webshop\/wp-json\/wp\/v2\/product_tag?post=1133"}],"curies":[{"name":"wp","href":"https:\/\/api.w.org\/{rel}","templated":true}]}}