{"id":11238,"date":"2021-01-16T18:25:32","date_gmt":"2021-01-16T18:25:32","guid":{"rendered":"https:\/\/chilimag.hu\/webshop\/termek\/import-placeholder-for-4355\/"},"modified":"2026-01-21T18:35:53","modified_gmt":"2026-01-21T18:35:53","slug":"szarazbab-iza","status":"publish","type":"product","link":"https:\/\/chilimag.hu\/webshop\/termek\/szarazbab-iza\/","title":{"rendered":"Bab (Iza) sz\u00e1razbab Ag 5"},"content":{"rendered":"","protected":false},"excerpt":{"rendered":"<p>K\u00f6z\u00e9p\u00e9r\u00e9s\u0171 z\u00f6ld h\u00fcvely\u0171 bab fajta. A bab feh\u00e9r sz\u00edn\u0171, k\u00f6zepes m\u00e9ret\u0171, kerek alak\u00fa, a h\u00fcvelyek egyenesek \u00e9s egy\u00f6ntet\u0171ek. Kiv\u00e1l\u00f3 term\u0151k\u00e9pess\u00e9g\u0171. Friss piaci haszn\u00e1latra \u00e9s a feldolgoz\u00f3ipar sz\u00e1m\u00e1ra termeszthet\u0151.<\/p>\n","protected":false},"featured_media":11256,"comment_status":"open","ping_status":"closed","template":"","meta":[],"product_brand":[],"product_cat":[225],"product_tag":[],"class_list":{"0":"post-11238","1":"product","2":"type-product","3":"status-publish","4":"has-post-thumbnail","6":"product_cat-huvelyesek-agrosel-vetomagok","8":"first","9":"outofstock","10":"taxable","11":"shipping-taxable","12":"purchasable","13":"product-type-simple"},"_links":{"self":[{"href":"https:\/\/chilimag.hu\/webshop\/wp-json\/wp\/v2\/product\/11238","targetHints":{"allow":["GET"]}}],"collection":[{"href":"https:\/\/chilimag.hu\/webshop\/wp-json\/wp\/v2\/product"}],"about":[{"href":"https:\/\/chilimag.hu\/webshop\/wp-json\/wp\/v2\/types\/product"}],"replies":[{"embeddable":true,"href":"https:\/\/chilimag.hu\/webshop\/wp-json\/wp\/v2\/comments?post=11238"}],"wp:featuredmedia":[{"embeddable":true,"href":"https:\/\/chilimag.hu\/webshop\/wp-json\/wp\/v2\/media\/11256"}],"wp:attachment":[{"href":"https:\/\/chilimag.hu\/webshop\/wp-json\/wp\/v2\/media?parent=11238"}],"wp:term":[{"taxonomy":"product_brand","embeddable":true,"href":"https:\/\/chilimag.hu\/webshop\/wp-json\/wp\/v2\/product_brand?post=11238"},{"taxonomy":"product_cat","embeddable":true,"href":"https:\/\/chilimag.hu\/webshop\/wp-json\/wp\/v2\/product_cat?post=11238"},{"taxonomy":"product_tag","embeddable":true,"href":"https:\/\/chilimag.hu\/webshop\/wp-json\/wp\/v2\/product_tag?post=11238"}],"curies":[{"name":"wp","href":"https:\/\/api.w.org\/{rel}","templated":true}]}}