{"id":11233,"date":"2021-01-16T18:25:32","date_gmt":"2021-01-16T18:25:32","guid":{"rendered":"https:\/\/chilimag.hu\/webshop\/termek\/import-placeholder-for-4335\/"},"modified":"2026-01-21T18:36:14","modified_gmt":"2026-01-21T18:36:14","slug":"bokorbab-sondela","status":"publish","type":"product","link":"https:\/\/chilimag.hu\/webshop\/termek\/bokorbab-sondela\/","title":{"rendered":"Bab (Sondela) bokorbab Ag 5"},"content":{"rendered":"","protected":false},"excerpt":{"rendered":"<p>Nagyon korai, sz\u00e1lkamentes, b\u0151term\u0151 fajta. H\u00fcvelye 11-13 cm hossz\u00fa, egyenes, sz\u00e9p \u00e9l\u00e9nks\u00e1rga sz\u00edn\u0171. Magja feh\u00e9r. Kompact, nagy termel\u00e9si kapacit\u00e1s\u00fa \u00e9s er\u0151teljes n\u00f6v\u00e9ny.<\/p>\n","protected":false},"featured_media":11251,"comment_status":"open","ping_status":"closed","template":"","meta":[],"product_brand":[],"product_cat":[225],"product_tag":[],"class_list":{"0":"post-11233","1":"product","2":"type-product","3":"status-publish","4":"has-post-thumbnail","6":"product_cat-huvelyesek-agrosel-vetomagok","8":"first","9":"outofstock","10":"taxable","11":"shipping-taxable","12":"purchasable","13":"product-type-simple"},"_links":{"self":[{"href":"https:\/\/chilimag.hu\/webshop\/wp-json\/wp\/v2\/product\/11233","targetHints":{"allow":["GET"]}}],"collection":[{"href":"https:\/\/chilimag.hu\/webshop\/wp-json\/wp\/v2\/product"}],"about":[{"href":"https:\/\/chilimag.hu\/webshop\/wp-json\/wp\/v2\/types\/product"}],"replies":[{"embeddable":true,"href":"https:\/\/chilimag.hu\/webshop\/wp-json\/wp\/v2\/comments?post=11233"}],"wp:featuredmedia":[{"embeddable":true,"href":"https:\/\/chilimag.hu\/webshop\/wp-json\/wp\/v2\/media\/11251"}],"wp:attachment":[{"href":"https:\/\/chilimag.hu\/webshop\/wp-json\/wp\/v2\/media?parent=11233"}],"wp:term":[{"taxonomy":"product_brand","embeddable":true,"href":"https:\/\/chilimag.hu\/webshop\/wp-json\/wp\/v2\/product_brand?post=11233"},{"taxonomy":"product_cat","embeddable":true,"href":"https:\/\/chilimag.hu\/webshop\/wp-json\/wp\/v2\/product_cat?post=11233"},{"taxonomy":"product_tag","embeddable":true,"href":"https:\/\/chilimag.hu\/webshop\/wp-json\/wp\/v2\/product_tag?post=11233"}],"curies":[{"name":"wp","href":"https:\/\/api.w.org\/{rel}","templated":true}]}}