{"id":11200,"date":"2021-01-16T18:21:24","date_gmt":"2021-01-16T18:21:24","guid":{"rendered":"https:\/\/chilimag.hu\/webshop\/termek\/import-placeholder-for-4249\/"},"modified":"2026-01-22T11:16:35","modified_gmt":"2026-01-22T11:16:35","slug":"voroskaposzta-cabeza-negra-2","status":"publish","type":"product","link":"https:\/\/chilimag.hu\/webshop\/termek\/voroskaposzta-cabeza-negra-2\/","title":{"rendered":"V\u00f6r\u00f6s k\u00e1poszta Roodkop  Ag 2"},"content":{"rendered":"","protected":false},"excerpt":{"rendered":"<p>Hossz\u00fa teny\u00e9szidej\u0171, k\u00f6zepes n\u00f6veked\u00e9s\u0171 fajta. Feje g\u00f6mb alak\u00fa, s\u00f6t\u00e9tpiros sz\u00edn\u0171. \u00c1tlagt\u00f6mege 1,4-1,8 kg-os, nagyon t\u00f6m\u00f6tt.<\/p>\n","protected":false},"featured_media":36791,"comment_status":"open","ping_status":"closed","template":"","meta":[],"product_brand":[],"product_cat":[223],"product_tag":[],"class_list":{"0":"post-11200","1":"product","2":"type-product","3":"status-publish","4":"has-post-thumbnail","6":"product_cat-kaposzta-es-karfiol","8":"first","9":"instock","10":"taxable","11":"shipping-taxable","12":"purchasable","13":"product-type-simple"},"_links":{"self":[{"href":"https:\/\/chilimag.hu\/webshop\/wp-json\/wp\/v2\/product\/11200","targetHints":{"allow":["GET"]}}],"collection":[{"href":"https:\/\/chilimag.hu\/webshop\/wp-json\/wp\/v2\/product"}],"about":[{"href":"https:\/\/chilimag.hu\/webshop\/wp-json\/wp\/v2\/types\/product"}],"replies":[{"embeddable":true,"href":"https:\/\/chilimag.hu\/webshop\/wp-json\/wp\/v2\/comments?post=11200"}],"wp:featuredmedia":[{"embeddable":true,"href":"https:\/\/chilimag.hu\/webshop\/wp-json\/wp\/v2\/media\/36791"}],"wp:attachment":[{"href":"https:\/\/chilimag.hu\/webshop\/wp-json\/wp\/v2\/media?parent=11200"}],"wp:term":[{"taxonomy":"product_brand","embeddable":true,"href":"https:\/\/chilimag.hu\/webshop\/wp-json\/wp\/v2\/product_brand?post=11200"},{"taxonomy":"product_cat","embeddable":true,"href":"https:\/\/chilimag.hu\/webshop\/wp-json\/wp\/v2\/product_cat?post=11200"},{"taxonomy":"product_tag","embeddable":true,"href":"https:\/\/chilimag.hu\/webshop\/wp-json\/wp\/v2\/product_tag?post=11200"}],"curies":[{"name":"wp","href":"https:\/\/api.w.org\/{rel}","templated":true}]}}