{"id":11190,"date":"2021-01-16T18:21:24","date_gmt":"2021-01-16T18:21:24","guid":{"rendered":"https:\/\/chilimag.hu\/webshop\/termek\/import-placeholder-for-3849\/"},"modified":"2026-03-27T17:22:46","modified_gmt":"2026-03-27T17:22:46","slug":"fejeskaposzta-victoria-f1","status":"publish","type":"product","link":"https:\/\/chilimag.hu\/webshop\/termek\/fejeskaposzta-victoria-f1\/","title":{"rendered":"K\u00e1poszta Victoria F1 Ag 3"},"content":{"rendered":"","protected":false},"excerpt":{"rendered":"<p>Korai hibrid, a ki\u00fcltet\u00e9si t\u00e1vols\u00e1gokt\u00f3l f\u00fcgg\u0151en a fej nagys\u00e1ga 2,5-3 kg. A szab\u00e1lyos, kerek fejeket 70 napra a ki\u00fcltet\u00e9st\u0151l lehet begy\u0171jteni. Reped\u00e9sre ellen\u00e1ll\u00f3. Aj\u00e1nlott friss fogyaszt\u00e1sra \u00e9s savany\u00edt\u00e1sra.<\/p>\n","protected":false},"featured_media":11208,"comment_status":"open","ping_status":"closed","template":"","meta":[],"product_brand":[],"product_cat":[223],"product_tag":[],"class_list":{"0":"post-11190","1":"product","2":"type-product","3":"status-publish","4":"has-post-thumbnail","6":"product_cat-kaposzta-es-karfiol","8":"first","9":"instock","10":"taxable","11":"shipping-taxable","12":"purchasable","13":"product-type-simple"},"_links":{"self":[{"href":"https:\/\/chilimag.hu\/webshop\/wp-json\/wp\/v2\/product\/11190","targetHints":{"allow":["GET"]}}],"collection":[{"href":"https:\/\/chilimag.hu\/webshop\/wp-json\/wp\/v2\/product"}],"about":[{"href":"https:\/\/chilimag.hu\/webshop\/wp-json\/wp\/v2\/types\/product"}],"replies":[{"embeddable":true,"href":"https:\/\/chilimag.hu\/webshop\/wp-json\/wp\/v2\/comments?post=11190"}],"wp:featuredmedia":[{"embeddable":true,"href":"https:\/\/chilimag.hu\/webshop\/wp-json\/wp\/v2\/media\/11208"}],"wp:attachment":[{"href":"https:\/\/chilimag.hu\/webshop\/wp-json\/wp\/v2\/media?parent=11190"}],"wp:term":[{"taxonomy":"product_brand","embeddable":true,"href":"https:\/\/chilimag.hu\/webshop\/wp-json\/wp\/v2\/product_brand?post=11190"},{"taxonomy":"product_cat","embeddable":true,"href":"https:\/\/chilimag.hu\/webshop\/wp-json\/wp\/v2\/product_cat?post=11190"},{"taxonomy":"product_tag","embeddable":true,"href":"https:\/\/chilimag.hu\/webshop\/wp-json\/wp\/v2\/product_tag?post=11190"}],"curies":[{"name":"wp","href":"https:\/\/api.w.org\/{rel}","templated":true}]}}