{"id":11188,"date":"2021-01-16T18:21:24","date_gmt":"2021-01-16T18:21:24","guid":{"rendered":"https:\/\/chilimag.hu\/webshop\/termek\/import-placeholder-for-3845\/"},"modified":"2026-04-24T02:09:25","modified_gmt":"2026-04-24T02:09:25","slug":"fejes-kaposzta-beverly-hills-f1","status":"publish","type":"product","link":"https:\/\/chilimag.hu\/webshop\/termek\/fejes-kaposzta-beverly-hills-f1\/","title":{"rendered":"K\u00e1poszta Beverly Hills F1 Ag 3"},"content":{"rendered":"","protected":false},"excerpt":{"rendered":"<p>Ny\u00e1ri &#8211; \u0151szi termeszt\u00e9sre alkalmas hibrid, teny\u00e9szideje 70-75 nap a pal\u00e1nt\u00e1z\u00e1st\u00f3l. Er\u0151s n\u00f6veked\u00e9s\u0171, nagy levelei k\u00e9kesz\u00f6ldek, viaszosak. Hosszabb ideig l\u00e1bon tartva sem reped. A lap\u00edtott fejek \u00e1tlags\u00falya 2-3 kg. Friss piaci \u00e9rt\u00e9kes\u00edt\u00e9sre \u00e9s feldolgoz\u00e1sra alkalmas fajta.<\/p>\n","protected":false},"featured_media":11206,"comment_status":"open","ping_status":"closed","template":"","meta":[],"product_brand":[],"product_cat":[223],"product_tag":[],"class_list":{"0":"post-11188","1":"product","2":"type-product","3":"status-publish","4":"has-post-thumbnail","6":"product_cat-kaposzta-es-karfiol","8":"first","9":"instock","10":"taxable","11":"shipping-taxable","12":"purchasable","13":"product-type-simple"},"_links":{"self":[{"href":"https:\/\/chilimag.hu\/webshop\/wp-json\/wp\/v2\/product\/11188","targetHints":{"allow":["GET"]}}],"collection":[{"href":"https:\/\/chilimag.hu\/webshop\/wp-json\/wp\/v2\/product"}],"about":[{"href":"https:\/\/chilimag.hu\/webshop\/wp-json\/wp\/v2\/types\/product"}],"replies":[{"embeddable":true,"href":"https:\/\/chilimag.hu\/webshop\/wp-json\/wp\/v2\/comments?post=11188"}],"wp:featuredmedia":[{"embeddable":true,"href":"https:\/\/chilimag.hu\/webshop\/wp-json\/wp\/v2\/media\/11206"}],"wp:attachment":[{"href":"https:\/\/chilimag.hu\/webshop\/wp-json\/wp\/v2\/media?parent=11188"}],"wp:term":[{"taxonomy":"product_brand","embeddable":true,"href":"https:\/\/chilimag.hu\/webshop\/wp-json\/wp\/v2\/product_brand?post=11188"},{"taxonomy":"product_cat","embeddable":true,"href":"https:\/\/chilimag.hu\/webshop\/wp-json\/wp\/v2\/product_cat?post=11188"},{"taxonomy":"product_tag","embeddable":true,"href":"https:\/\/chilimag.hu\/webshop\/wp-json\/wp\/v2\/product_tag?post=11188"}],"curies":[{"name":"wp","href":"https:\/\/api.w.org\/{rel}","templated":true}]}}