{"id":11172,"date":"2021-01-16T18:17:17","date_gmt":"2021-01-16T18:17:17","guid":{"rendered":"https:\/\/chilimag.hu\/webshop\/termek\/import-placeholder-for-4404\/"},"modified":"2026-01-21T18:32:43","modified_gmt":"2026-01-21T18:32:43","slug":"hagyma-rijnsburger-2","status":"publish","type":"product","link":"https:\/\/chilimag.hu\/webshop\/termek\/hagyma-rijnsburger-2\/","title":{"rendered":"Hagyma Rijnsburger 2 Ag 2"},"content":{"rendered":"","protected":false},"excerpt":{"rendered":"<p>K\u00f6z\u00e9pkorai \u00e9r\u00e9s\u0171. G\u00f6mb alak\u00fa, aranys\u00e1rga h\u00e9j\u00fa, feh\u00e9r h\u00fas\u00fa, j\u00f3 \u00edz\u0171, j\u00f3l t\u00e1rolhat\u00f3 fajta.<\/p>\n","protected":false},"featured_media":11184,"comment_status":"open","ping_status":"closed","template":"","meta":[],"product_brand":[],"product_cat":[221],"product_tag":[],"class_list":{"0":"post-11172","1":"product","2":"type-product","3":"status-publish","4":"has-post-thumbnail","6":"product_cat-hagyma-vetomagok-agrosel-vetomagok","8":"first","9":"outofstock","10":"taxable","11":"shipping-taxable","12":"purchasable","13":"product-type-simple"},"_links":{"self":[{"href":"https:\/\/chilimag.hu\/webshop\/wp-json\/wp\/v2\/product\/11172","targetHints":{"allow":["GET"]}}],"collection":[{"href":"https:\/\/chilimag.hu\/webshop\/wp-json\/wp\/v2\/product"}],"about":[{"href":"https:\/\/chilimag.hu\/webshop\/wp-json\/wp\/v2\/types\/product"}],"replies":[{"embeddable":true,"href":"https:\/\/chilimag.hu\/webshop\/wp-json\/wp\/v2\/comments?post=11172"}],"wp:featuredmedia":[{"embeddable":true,"href":"https:\/\/chilimag.hu\/webshop\/wp-json\/wp\/v2\/media\/11184"}],"wp:attachment":[{"href":"https:\/\/chilimag.hu\/webshop\/wp-json\/wp\/v2\/media?parent=11172"}],"wp:term":[{"taxonomy":"product_brand","embeddable":true,"href":"https:\/\/chilimag.hu\/webshop\/wp-json\/wp\/v2\/product_brand?post=11172"},{"taxonomy":"product_cat","embeddable":true,"href":"https:\/\/chilimag.hu\/webshop\/wp-json\/wp\/v2\/product_cat?post=11172"},{"taxonomy":"product_tag","embeddable":true,"href":"https:\/\/chilimag.hu\/webshop\/wp-json\/wp\/v2\/product_tag?post=11172"}],"curies":[{"name":"wp","href":"https:\/\/api.w.org\/{rel}","templated":true}]}}