{"id":11166,"date":"2021-01-16T18:17:16","date_gmt":"2021-01-16T18:17:16","guid":{"rendered":"https:\/\/chilimag.hu\/webshop\/termek\/import-placeholder-for-4051\/"},"modified":"2026-01-21T18:32:21","modified_gmt":"2026-01-21T18:32:21","slug":"hagyma-clujana","status":"publish","type":"product","link":"https:\/\/chilimag.hu\/webshop\/termek\/hagyma-clujana\/","title":{"rendered":"Hagyma Clujana Ag 2"},"content":{"rendered":"","protected":false},"excerpt":{"rendered":"<p>K\u00f6z\u00e9pk\u00e9sei fajta. A hagyma sz\u00e9les ellipszis alak\u00fa. K\u00fcls\u0151 h\u00e9ja s\u00f6t\u00e9tlila. H\u00fasa \u00edzletes, enyh\u00e9n cs\u00edp\u0151s. Kiv\u00e1l\u00f3 sal\u00e1t\u00e1kba.<\/p>\n","protected":false},"featured_media":14517,"comment_status":"open","ping_status":"closed","template":"","meta":[],"product_brand":[],"product_cat":[221],"product_tag":[],"class_list":{"0":"post-11166","1":"product","2":"type-product","3":"status-publish","4":"has-post-thumbnail","6":"product_cat-hagyma-vetomagok-agrosel-vetomagok","8":"first","9":"instock","10":"taxable","11":"shipping-taxable","12":"purchasable","13":"product-type-simple"},"_links":{"self":[{"href":"https:\/\/chilimag.hu\/webshop\/wp-json\/wp\/v2\/product\/11166","targetHints":{"allow":["GET"]}}],"collection":[{"href":"https:\/\/chilimag.hu\/webshop\/wp-json\/wp\/v2\/product"}],"about":[{"href":"https:\/\/chilimag.hu\/webshop\/wp-json\/wp\/v2\/types\/product"}],"replies":[{"embeddable":true,"href":"https:\/\/chilimag.hu\/webshop\/wp-json\/wp\/v2\/comments?post=11166"}],"wp:featuredmedia":[{"embeddable":true,"href":"https:\/\/chilimag.hu\/webshop\/wp-json\/wp\/v2\/media\/14517"}],"wp:attachment":[{"href":"https:\/\/chilimag.hu\/webshop\/wp-json\/wp\/v2\/media?parent=11166"}],"wp:term":[{"taxonomy":"product_brand","embeddable":true,"href":"https:\/\/chilimag.hu\/webshop\/wp-json\/wp\/v2\/product_brand?post=11166"},{"taxonomy":"product_cat","embeddable":true,"href":"https:\/\/chilimag.hu\/webshop\/wp-json\/wp\/v2\/product_cat?post=11166"},{"taxonomy":"product_tag","embeddable":true,"href":"https:\/\/chilimag.hu\/webshop\/wp-json\/wp\/v2\/product_tag?post=11166"}],"curies":[{"name":"wp","href":"https:\/\/api.w.org\/{rel}","templated":true}]}}