{"id":11163,"date":"2021-01-16T18:17:16","date_gmt":"2021-01-16T18:17:16","guid":{"rendered":"https:\/\/chilimag.hu\/webshop\/termek\/import-placeholder-for-3893\/"},"modified":"2026-01-21T18:27:56","modified_gmt":"2026-01-21T18:27:56","slug":"metelo-fokhagyma-allium-tuberosum","status":"publish","type":"product","link":"https:\/\/chilimag.hu\/webshop\/termek\/metelo-fokhagyma-allium-tuberosum\/","title":{"rendered":"Met\u00e9l\u0151fokhagyma Allium tuberosum Ag 3"},"content":{"rendered":"","protected":false},"excerpt":{"rendered":"<p>\u00c9vel\u0151, 25 &#8211; 30 cm magas f\u0171szern\u00f6v\u00e9ny. Levelei nem cs\u00f6vesek, mint a snidling\u00e9, hanem h\u00fasosak. A teljes n\u00f6v\u00e9ny fokhagyma illat\u00fa. Napos, t\u00e1panyagd\u00fas helyet kedvel. J\u00faliust\u00f3l v\u00e1ghatjuk leveleit, melyeket sal\u00e1t\u00e1k, \u00e9telek \u00e9s friss fogyaszt\u00e1sra haszn\u00e1lunk.<\/p>\n","protected":false},"featured_media":11175,"comment_status":"open","ping_status":"closed","template":"","meta":[],"product_brand":[],"product_cat":[236],"product_tag":[],"class_list":{"0":"post-11163","1":"product","2":"type-product","3":"status-publish","4":"has-post-thumbnail","6":"product_cat-fuszernoveny-vetomagok-agrosel-vetomagok","8":"first","9":"outofstock","10":"taxable","11":"shipping-taxable","12":"purchasable","13":"product-type-simple"},"_links":{"self":[{"href":"https:\/\/chilimag.hu\/webshop\/wp-json\/wp\/v2\/product\/11163","targetHints":{"allow":["GET"]}}],"collection":[{"href":"https:\/\/chilimag.hu\/webshop\/wp-json\/wp\/v2\/product"}],"about":[{"href":"https:\/\/chilimag.hu\/webshop\/wp-json\/wp\/v2\/types\/product"}],"replies":[{"embeddable":true,"href":"https:\/\/chilimag.hu\/webshop\/wp-json\/wp\/v2\/comments?post=11163"}],"wp:featuredmedia":[{"embeddable":true,"href":"https:\/\/chilimag.hu\/webshop\/wp-json\/wp\/v2\/media\/11175"}],"wp:attachment":[{"href":"https:\/\/chilimag.hu\/webshop\/wp-json\/wp\/v2\/media?parent=11163"}],"wp:term":[{"taxonomy":"product_brand","embeddable":true,"href":"https:\/\/chilimag.hu\/webshop\/wp-json\/wp\/v2\/product_brand?post=11163"},{"taxonomy":"product_cat","embeddable":true,"href":"https:\/\/chilimag.hu\/webshop\/wp-json\/wp\/v2\/product_cat?post=11163"},{"taxonomy":"product_tag","embeddable":true,"href":"https:\/\/chilimag.hu\/webshop\/wp-json\/wp\/v2\/product_tag?post=11163"}],"curies":[{"name":"wp","href":"https:\/\/api.w.org\/{rel}","templated":true}]}}