{"id":11162,"date":"2021-01-16T18:17:16","date_gmt":"2021-01-16T18:17:16","guid":{"rendered":"https:\/\/chilimag.hu\/webshop\/termek\/import-placeholder-for-3867\/"},"modified":"2026-02-04T18:14:10","modified_gmt":"2026-02-04T18:14:10","slug":"hagyma-stirbei","status":"publish","type":"product","link":"https:\/\/chilimag.hu\/webshop\/termek\/hagyma-stirbei\/","title":{"rendered":"Hagyma \u0218tirbei Ag 3"},"content":{"rendered":"","protected":false},"excerpt":{"rendered":"<p>Friss fogyaszt\u00e1sra, sal\u00e1t\u00e1khoz alkalmas hagyma fajta. A hagym\u00e1k sz\u00edne aranys\u00e1rga, m\u00edg a belsej\u00fck feh\u00e9r \u00e9s \u00e9des. J\u00f3l t\u00e1rolhat\u00f3, ak\u00e1r 3-4 hetet is el\u00e1ll a betakar\u00edt\u00e1s ut\u00e1n.<\/p>\n","protected":false},"featured_media":11174,"comment_status":"open","ping_status":"closed","template":"","meta":[],"product_brand":[],"product_cat":[221],"product_tag":[],"class_list":{"0":"post-11162","1":"product","2":"type-product","3":"status-publish","4":"has-post-thumbnail","6":"product_cat-hagyma-vetomagok-agrosel-vetomagok","8":"first","9":"instock","10":"taxable","11":"shipping-taxable","12":"purchasable","13":"product-type-simple"},"_links":{"self":[{"href":"https:\/\/chilimag.hu\/webshop\/wp-json\/wp\/v2\/product\/11162","targetHints":{"allow":["GET"]}}],"collection":[{"href":"https:\/\/chilimag.hu\/webshop\/wp-json\/wp\/v2\/product"}],"about":[{"href":"https:\/\/chilimag.hu\/webshop\/wp-json\/wp\/v2\/types\/product"}],"replies":[{"embeddable":true,"href":"https:\/\/chilimag.hu\/webshop\/wp-json\/wp\/v2\/comments?post=11162"}],"wp:featuredmedia":[{"embeddable":true,"href":"https:\/\/chilimag.hu\/webshop\/wp-json\/wp\/v2\/media\/11174"}],"wp:attachment":[{"href":"https:\/\/chilimag.hu\/webshop\/wp-json\/wp\/v2\/media?parent=11162"}],"wp:term":[{"taxonomy":"product_brand","embeddable":true,"href":"https:\/\/chilimag.hu\/webshop\/wp-json\/wp\/v2\/product_brand?post=11162"},{"taxonomy":"product_cat","embeddable":true,"href":"https:\/\/chilimag.hu\/webshop\/wp-json\/wp\/v2\/product_cat?post=11162"},{"taxonomy":"product_tag","embeddable":true,"href":"https:\/\/chilimag.hu\/webshop\/wp-json\/wp\/v2\/product_tag?post=11162"}],"curies":[{"name":"wp","href":"https:\/\/api.w.org\/{rel}","templated":true}]}}