{"id":11143,"date":"2021-01-16T18:12:46","date_gmt":"2021-01-16T18:12:46","guid":{"rendered":"https:\/\/chilimag.hu\/webshop\/termek\/import-placeholder-for-4090\/"},"modified":"2026-01-28T08:26:34","modified_gmt":"2026-01-28T08:26:34","slug":"karalabe-gigant","status":"publish","type":"product","link":"https:\/\/chilimag.hu\/webshop\/termek\/karalabe-gigant\/","title":{"rendered":"Karal\u00e1b\u00e9 Gigant Ag 2"},"content":{"rendered":"","protected":false},"excerpt":{"rendered":"<p>&#8222;Hossz\u00fa teny\u00e9szidej\u0171 fajta. \u00d3ri\u00e1s, feh\u00e9r sz\u00edn\u0171, g\u00f6mb\u00f6ly\u0171 gum\u00f3ja f\u00e1sod\u00e1sra nem hajlamos.<br \/>\nFriss fogyaszt\u00e1sra \u00e9s t\u00e1rol\u00e1sra is alkalmas.&#8221;<\/p>\n","protected":false},"featured_media":11154,"comment_status":"open","ping_status":"closed","template":"","meta":[],"product_brand":[],"product_cat":[219],"product_tag":[],"class_list":{"0":"post-11143","1":"product","2":"type-product","3":"status-publish","4":"has-post-thumbnail","6":"product_cat-zeller-karalabe-cekla","8":"first","9":"outofstock","10":"taxable","11":"shipping-taxable","12":"purchasable","13":"product-type-simple"},"_links":{"self":[{"href":"https:\/\/chilimag.hu\/webshop\/wp-json\/wp\/v2\/product\/11143","targetHints":{"allow":["GET"]}}],"collection":[{"href":"https:\/\/chilimag.hu\/webshop\/wp-json\/wp\/v2\/product"}],"about":[{"href":"https:\/\/chilimag.hu\/webshop\/wp-json\/wp\/v2\/types\/product"}],"replies":[{"embeddable":true,"href":"https:\/\/chilimag.hu\/webshop\/wp-json\/wp\/v2\/comments?post=11143"}],"wp:featuredmedia":[{"embeddable":true,"href":"https:\/\/chilimag.hu\/webshop\/wp-json\/wp\/v2\/media\/11154"}],"wp:attachment":[{"href":"https:\/\/chilimag.hu\/webshop\/wp-json\/wp\/v2\/media?parent=11143"}],"wp:term":[{"taxonomy":"product_brand","embeddable":true,"href":"https:\/\/chilimag.hu\/webshop\/wp-json\/wp\/v2\/product_brand?post=11143"},{"taxonomy":"product_cat","embeddable":true,"href":"https:\/\/chilimag.hu\/webshop\/wp-json\/wp\/v2\/product_cat?post=11143"},{"taxonomy":"product_tag","embeddable":true,"href":"https:\/\/chilimag.hu\/webshop\/wp-json\/wp\/v2\/product_tag?post=11143"}],"curies":[{"name":"wp","href":"https:\/\/api.w.org\/{rel}","templated":true}]}}