{"id":11138,"date":"2021-01-16T18:12:46","date_gmt":"2021-01-16T18:12:46","guid":{"rendered":"https:\/\/chilimag.hu\/webshop\/termek\/import-placeholder-for-3983\/"},"modified":"2026-02-11T12:30:18","modified_gmt":"2026-02-11T12:30:18","slug":"zeller-apollo","status":"publish","type":"product","link":"https:\/\/chilimag.hu\/webshop\/termek\/zeller-apollo\/","title":{"rendered":"Zeller Apollo Ag 3"},"content":{"rendered":"","protected":false},"excerpt":{"rendered":"<p>Teny\u00e9szideje 120 nap. Nagy, sima fel\u00fclet\u0171 gum\u00f3kat fejleszt. H\u00fasa h\u00f3feh\u00e9r, kellemesen arom\u00e1s. Egyar\u00e1nt alkalmas friss fogyaszt\u00e1sra \u00e9s feldolgoz\u00e1sra is.<\/p>\n","protected":false},"featured_media":11149,"comment_status":"open","ping_status":"closed","template":"","meta":[],"product_brand":[],"product_cat":[219],"product_tag":[],"class_list":{"0":"post-11138","1":"product","2":"type-product","3":"status-publish","4":"has-post-thumbnail","6":"product_cat-zeller-karalabe-cekla","8":"first","9":"instock","10":"taxable","11":"shipping-taxable","12":"purchasable","13":"product-type-simple"},"_links":{"self":[{"href":"https:\/\/chilimag.hu\/webshop\/wp-json\/wp\/v2\/product\/11138","targetHints":{"allow":["GET"]}}],"collection":[{"href":"https:\/\/chilimag.hu\/webshop\/wp-json\/wp\/v2\/product"}],"about":[{"href":"https:\/\/chilimag.hu\/webshop\/wp-json\/wp\/v2\/types\/product"}],"replies":[{"embeddable":true,"href":"https:\/\/chilimag.hu\/webshop\/wp-json\/wp\/v2\/comments?post=11138"}],"wp:featuredmedia":[{"embeddable":true,"href":"https:\/\/chilimag.hu\/webshop\/wp-json\/wp\/v2\/media\/11149"}],"wp:attachment":[{"href":"https:\/\/chilimag.hu\/webshop\/wp-json\/wp\/v2\/media?parent=11138"}],"wp:term":[{"taxonomy":"product_brand","embeddable":true,"href":"https:\/\/chilimag.hu\/webshop\/wp-json\/wp\/v2\/product_brand?post=11138"},{"taxonomy":"product_cat","embeddable":true,"href":"https:\/\/chilimag.hu\/webshop\/wp-json\/wp\/v2\/product_cat?post=11138"},{"taxonomy":"product_tag","embeddable":true,"href":"https:\/\/chilimag.hu\/webshop\/wp-json\/wp\/v2\/product_tag?post=11138"}],"curies":[{"name":"wp","href":"https:\/\/api.w.org\/{rel}","templated":true}]}}