{"id":11137,"date":"2021-01-16T18:12:46","date_gmt":"2021-01-16T18:12:46","guid":{"rendered":"https:\/\/chilimag.hu\/webshop\/termek\/import-placeholder-for-3813\/"},"modified":"2026-04-30T10:22:22","modified_gmt":"2026-04-30T10:22:22","slug":"ceklamag-csiraztatasra","status":"publish","type":"product","link":"https:\/\/chilimag.hu\/webshop\/termek\/ceklamag-csiraztatasra\/","title":{"rendered":".C\u00e9klamag cs\u00edr\u00e1ztat\u00e1sra Ag 3 2025-\u00e9v lej\u00e1rat\u00fa"},"content":{"rendered":"","protected":false},"excerpt":{"rendered":"<p>Beta vulgaris L. subsp. conditiva<\/p>\n<p>\u00dcvegt\u00e1lban aj\u00e1nlott cs\u00edr\u00e1ztatni a magokat, szobah\u0151m\u00e9rs\u00e9kletet (20-22 \u00b0\u030aC) \u00e9s nedvess\u00e9gtartalmat ig\u00e9nyel. 6 &#8211; 7 nap ut\u00e1n lehet frissen fogyasztani. A fiatal n\u00f6v\u00e9nyek kellemes \u00edz\u0171ek, fel lehet haszn\u00e1lni k\u00fcl\u00f6nb\u00f6z\u0151 sz\u00f3szok, levesek \u00e9s egy\u00e9b \u00e9telek d\u00edsz\u00edt\u00e9s\u00e9re. Eg\u00e9sz \u00e9vben vethet\u0151. Nagy mennyis\u00e9gben tartalmaznak A, B1, B2, B3, B4, B5, B6, C, E vitaminokat, valamint P, Ca, Mg, Zn, S \u00e1sv\u00e1nyi anyagokat.<\/p>\n","protected":false},"featured_media":11148,"comment_status":"open","ping_status":"closed","template":"","meta":[],"product_brand":[],"product_cat":[343,219],"product_tag":[],"class_list":{"0":"post-11137","1":"product","2":"type-product","3":"status-publish","4":"has-post-thumbnail","6":"product_cat-akciok","7":"product_cat-zeller-karalabe-cekla","9":"first","10":"instock","11":"sale","12":"taxable","13":"shipping-taxable","14":"purchasable","15":"product-type-simple"},"_links":{"self":[{"href":"https:\/\/chilimag.hu\/webshop\/wp-json\/wp\/v2\/product\/11137","targetHints":{"allow":["GET"]}}],"collection":[{"href":"https:\/\/chilimag.hu\/webshop\/wp-json\/wp\/v2\/product"}],"about":[{"href":"https:\/\/chilimag.hu\/webshop\/wp-json\/wp\/v2\/types\/product"}],"replies":[{"embeddable":true,"href":"https:\/\/chilimag.hu\/webshop\/wp-json\/wp\/v2\/comments?post=11137"}],"wp:featuredmedia":[{"embeddable":true,"href":"https:\/\/chilimag.hu\/webshop\/wp-json\/wp\/v2\/media\/11148"}],"wp:attachment":[{"href":"https:\/\/chilimag.hu\/webshop\/wp-json\/wp\/v2\/media?parent=11137"}],"wp:term":[{"taxonomy":"product_brand","embeddable":true,"href":"https:\/\/chilimag.hu\/webshop\/wp-json\/wp\/v2\/product_brand?post=11137"},{"taxonomy":"product_cat","embeddable":true,"href":"https:\/\/chilimag.hu\/webshop\/wp-json\/wp\/v2\/product_cat?post=11137"},{"taxonomy":"product_tag","embeddable":true,"href":"https:\/\/chilimag.hu\/webshop\/wp-json\/wp\/v2\/product_tag?post=11137"}],"curies":[{"name":"wp","href":"https:\/\/api.w.org\/{rel}","templated":true}]}}