{"id":11119,"date":"2021-01-16T17:51:16","date_gmt":"2021-01-16T17:51:16","guid":{"rendered":"https:\/\/chilimag.hu\/webshop\/termek\/import-placeholder-for-4244\/"},"modified":"2026-02-04T18:14:11","modified_gmt":"2026-02-04T18:14:11","slug":"szamoca-ruegen","status":"publish","type":"product","link":"https:\/\/chilimag.hu\/webshop\/termek\/szamoca-ruegen\/","title":{"rendered":"Szam\u00f3ca Ruegen Ag 2"},"content":{"rendered":"","protected":false},"excerpt":{"rendered":"<p>\u00c9vel\u0151. A gy\u00fcm\u00f6lcs\u00f6k \u00edzletesek, melyek a kompakt n\u00f6v\u00e9nyeken eg\u00e9sz \u00e9vben teremnek. A nagy, feh\u00e9r vir\u00e1gokb\u00f3l, zamatos, piros gy\u00fcm\u00f6lcs\u00f6k k\u00e9pz\u0151dnek, j\u00faniust\u00f3l k\u00e9s\u0151 \u0151szig. Termeszt\u00e9se cser\u00e9pben, alpesi kertekben, \u00f6sv\u00e9nyek \u00e9s utak ment\u00e9n alkalmas.<\/p>\n","protected":false},"featured_media":11120,"comment_status":"open","ping_status":"closed","template":"","meta":[],"product_brand":[],"product_cat":[215],"product_tag":[],"class_list":{"0":"post-11119","1":"product","2":"type-product","3":"status-publish","4":"has-post-thumbnail","6":"product_cat-gyumolcs-vetomagok-agrosel-vetomagok","8":"first","9":"instock","10":"taxable","11":"shipping-taxable","12":"purchasable","13":"product-type-simple"},"_links":{"self":[{"href":"https:\/\/chilimag.hu\/webshop\/wp-json\/wp\/v2\/product\/11119","targetHints":{"allow":["GET"]}}],"collection":[{"href":"https:\/\/chilimag.hu\/webshop\/wp-json\/wp\/v2\/product"}],"about":[{"href":"https:\/\/chilimag.hu\/webshop\/wp-json\/wp\/v2\/types\/product"}],"replies":[{"embeddable":true,"href":"https:\/\/chilimag.hu\/webshop\/wp-json\/wp\/v2\/comments?post=11119"}],"wp:featuredmedia":[{"embeddable":true,"href":"https:\/\/chilimag.hu\/webshop\/wp-json\/wp\/v2\/media\/11120"}],"wp:attachment":[{"href":"https:\/\/chilimag.hu\/webshop\/wp-json\/wp\/v2\/media?parent=11119"}],"wp:term":[{"taxonomy":"product_brand","embeddable":true,"href":"https:\/\/chilimag.hu\/webshop\/wp-json\/wp\/v2\/product_brand?post=11119"},{"taxonomy":"product_cat","embeddable":true,"href":"https:\/\/chilimag.hu\/webshop\/wp-json\/wp\/v2\/product_cat?post=11119"},{"taxonomy":"product_tag","embeddable":true,"href":"https:\/\/chilimag.hu\/webshop\/wp-json\/wp\/v2\/product_tag?post=11119"}],"curies":[{"name":"wp","href":"https:\/\/api.w.org\/{rel}","templated":true}]}}