{"id":104,"date":"2014-11-08T14:10:11","date_gmt":"2014-11-08T14:10:11","guid":{"rendered":"https:\/\/chilimag.hu\/webshop\/?post_type=product&#038;p=104"},"modified":"2026-02-15T17:37:03","modified_gmt":"2026-02-15T17:37:03","slug":"aji-omnicolor","status":"publish","type":"product","link":"https:\/\/chilimag.hu\/webshop\/termek\/aji-omnicolor\/","title":{"rendered":"Aji Omnicolor"},"content":{"rendered":"","protected":false},"excerpt":{"rendered":"<p><img decoding=\"async\" src=\"https:\/\/chilimag.hu\/webshop\/wp-content\/uploads\/2014\/11\/chilimag-logo-2-150x150.jpg\" \/><\/p>\n<p>Le\u00edr\u00e1s<\/p>\n<p>A Capsicum baccatum fajb\u00f3l sz\u00e1rmazik. Az Aji Omnicolor egy meglehet\u0151sen kicsi \u00e9s bokros fajta, amely el\u00e9ri a 90 cm-es magass\u00e1got.<\/p>\n<p>A n\u00f6v\u00e9nyek kism\u00e9ret\u0171, hegyes, hossz\u00fak\u00e1s \u00e9s fel\u00e1ll\u00f3 term\u00e9sek t\u00f6meg\u00e9t hordozz\u00e1k, amelyek m\u00e9rete 1 x 4 cm. A h\u00fcvelyek feh\u00e9rt\u0151l s\u00e1rg\u00e1ig, narancss\u00e1rg\u00e1t\u00f3l v\u00f6r\u00f6sig \u00e9rnek. Mivel a h\u00fcvelyek k\u00fcl\u00f6nb\u00f6z\u0151 st\u00e1diumban vannak a n\u00f6v\u00e9nyeken, ez a fajta csod\u00e1latos sz\u00ednj\u00e1t\u00e9kban f\u00fcrdik, \u00e9s igazi szemet gy\u00f6ny\u00f6rk\u00f6dtet\u0151 az erk\u00e9lyen vagy a kertben.<\/p>\n<p>Gondoz\u00e1sa: A cs\u00edr\u00e1z\u00e1si h\u0151m\u00e9rs\u00e9klet 22 \u00e9s 28\u00b0C k\u00f6z\u00f6tt van (8-22 napos cs\u00edr\u00e1z\u00e1si id\u0151szak), ez\u00e9rt \u00fcvegh\u00e1z \u00e9s f\u0171t\u0151sz\u0151nyeg haszn\u00e1lata javasolt. A n\u00f6v\u00e9nyeknek friss, j\u00f3l tr\u00e1gy\u00e1zott, v\u00edz\u00e1tereszt\u0151 talajra van sz\u00fcks\u00e9g\u00fck, nem t\u0171rik a bevizesed\u00e9st. Napos, v\u00e9dett helyre kell \u00fcltetni, ahol legal\u00e1bb 6 \u00f3ra napf\u00e9ny \u2013 lehet\u0151leg t\u00f6bb. Tedd ki a n\u00f6v\u00e9nyeket kb. 2-3 h\u00e9ttel az utols\u00f3 fagy ut\u00e1n.<\/p>\n<p>T\u00edpus Capsicum baccatum<br \/>\nF\u0171szeress\u00e9gi szint 6<br \/>\nScoville 5.000 &#8211; 20.000 SHU<br \/>\noptim\u00e1lis cs\u00edr\u00e1z\u00e1si h\u0151m\u00e9rs\u00e9klet 20 &#8211; 28 \u00b0C<br \/>\nVet\u00e9s febru\u00e1r &#8211; \u00e1pr.<br \/>\nVir\u00e1gok feh\u00e9rek (m\u00e1jus-j\u00falius)<br \/>\nN\u00f6v\u00e9nyn\u00f6veked\u00e9si szok\u00e1s kb. 75-90 cm magas, bokros<br \/>\nFeh\u00e9rt\u0151l s\u00e1rg\u00e1ig, narancss\u00e1rg\u00e1ig \u00e9s v\u00f6r\u00f6sig \u00e9rik<br \/>\nGy\u00fcm\u00f6lcs megjelen\u00e9se 1 x 4 cm, hib\u00e1s<br \/>\n\u00c9r\u00e9si id\u0151 70-90 nap<br \/>\nSz\u00e1rmaz\u00e1si hely Peru<\/p>\n<p>A csomag 10 szem \u00a0magot tartalmaz<\/p>\n","protected":false},"featured_media":105,"comment_status":"open","ping_status":"closed","template":"","meta":[],"product_brand":[],"product_cat":[8],"product_tag":[],"class_list":{"0":"post-104","1":"product","2":"type-product","3":"status-publish","4":"has-post-thumbnail","6":"product_cat-paprika","8":"first","9":"outofstock","10":"taxable","11":"shipping-taxable","12":"purchasable","13":"product-type-simple"},"_links":{"self":[{"href":"https:\/\/chilimag.hu\/webshop\/wp-json\/wp\/v2\/product\/104","targetHints":{"allow":["GET"]}}],"collection":[{"href":"https:\/\/chilimag.hu\/webshop\/wp-json\/wp\/v2\/product"}],"about":[{"href":"https:\/\/chilimag.hu\/webshop\/wp-json\/wp\/v2\/types\/product"}],"replies":[{"embeddable":true,"href":"https:\/\/chilimag.hu\/webshop\/wp-json\/wp\/v2\/comments?post=104"}],"wp:featuredmedia":[{"embeddable":true,"href":"https:\/\/chilimag.hu\/webshop\/wp-json\/wp\/v2\/media\/105"}],"wp:attachment":[{"href":"https:\/\/chilimag.hu\/webshop\/wp-json\/wp\/v2\/media?parent=104"}],"wp:term":[{"taxonomy":"product_brand","embeddable":true,"href":"https:\/\/chilimag.hu\/webshop\/wp-json\/wp\/v2\/product_brand?post=104"},{"taxonomy":"product_cat","embeddable":true,"href":"https:\/\/chilimag.hu\/webshop\/wp-json\/wp\/v2\/product_cat?post=104"},{"taxonomy":"product_tag","embeddable":true,"href":"https:\/\/chilimag.hu\/webshop\/wp-json\/wp\/v2\/product_tag?post=104"}],"curies":[{"name":"wp","href":"https:\/\/api.w.org\/{rel}","templated":true}]}}