{"id":10011,"date":"2020-11-30T04:00:27","date_gmt":"2020-11-30T04:00:27","guid":{"rendered":"https:\/\/chilimag.hu\/webshop\/?post_type=product&#038;p=10011"},"modified":"2026-01-02T18:55:08","modified_gmt":"2026-01-02T18:55:08","slug":"paprika-mag-barbara","status":"publish","type":"product","link":"https:\/\/chilimag.hu\/webshop\/termek\/paprika-mag-barbara\/","title":{"rendered":"Paprika  Barbara Ag Profi"},"content":{"rendered":"","protected":false},"excerpt":{"rendered":"<p>Feh\u00e9r \u00e9des. K\u00f6z\u00e9per\u0151s n\u00f6veked\u00e9s\u0171, 3-4 rekeszes blocky paprika, 170-200 g-os vastag fal\u00fa, nagy test\u0171 \u00edzletes paprika fajta. Term\u00e9sei s\u00e1rg\u00e1b\u00f3l pirosba \u00e9rnek.<br \/>\n2000 szem \/ csomag<\/p>\n","protected":false},"featured_media":10012,"comment_status":"closed","ping_status":"closed","template":"","meta":[],"product_brand":[],"product_cat":[187],"product_tag":[],"class_list":{"0":"post-10011","1":"product","2":"type-product","3":"status-publish","4":"has-post-thumbnail","6":"product_cat-agrosel-profi-vetomagok","8":"first","9":"instock","10":"taxable","11":"shipping-taxable","12":"purchasable","13":"product-type-simple"},"_links":{"self":[{"href":"https:\/\/chilimag.hu\/webshop\/wp-json\/wp\/v2\/product\/10011","targetHints":{"allow":["GET"]}}],"collection":[{"href":"https:\/\/chilimag.hu\/webshop\/wp-json\/wp\/v2\/product"}],"about":[{"href":"https:\/\/chilimag.hu\/webshop\/wp-json\/wp\/v2\/types\/product"}],"replies":[{"embeddable":true,"href":"https:\/\/chilimag.hu\/webshop\/wp-json\/wp\/v2\/comments?post=10011"}],"wp:featuredmedia":[{"embeddable":true,"href":"https:\/\/chilimag.hu\/webshop\/wp-json\/wp\/v2\/media\/10012"}],"wp:attachment":[{"href":"https:\/\/chilimag.hu\/webshop\/wp-json\/wp\/v2\/media?parent=10011"}],"wp:term":[{"taxonomy":"product_brand","embeddable":true,"href":"https:\/\/chilimag.hu\/webshop\/wp-json\/wp\/v2\/product_brand?post=10011"},{"taxonomy":"product_cat","embeddable":true,"href":"https:\/\/chilimag.hu\/webshop\/wp-json\/wp\/v2\/product_cat?post=10011"},{"taxonomy":"product_tag","embeddable":true,"href":"https:\/\/chilimag.hu\/webshop\/wp-json\/wp\/v2\/product_tag?post=10011"}],"curies":[{"name":"wp","href":"https:\/\/api.w.org\/{rel}","templated":true}]}}