{"id":10009,"date":"2020-11-30T03:59:45","date_gmt":"2020-11-30T03:59:45","guid":{"rendered":"https:\/\/chilimag.hu\/webshop\/?post_type=product&#038;p=10009"},"modified":"2025-08-11T15:58:42","modified_gmt":"2025-08-11T15:58:42","slug":"paprika-mag-artim","status":"publish","type":"product","link":"https:\/\/chilimag.hu\/webshop\/termek\/paprika-mag-artim\/","title":{"rendered":"Paprika  Artim Ag Profi"},"content":{"rendered":"","protected":false},"excerpt":{"rendered":"<p>Feh\u00e9r \u00e9des paprika.K\u00f6zepes n\u00f6veked\u00e9s\u0171 fajta. Gy\u00fcm\u00f6lcse k\u00fapos, \u00fan. \u201et\u00f6lteni val\u00f3\u201d t\u00edpus, sz\u00edne viaszos s\u00e1rg\u00e1r\u00f3l pirosra \u00e9rik. Magas term\u00e9shozamra alkalmas.<br \/>\n2000 szem \/ csomag<br \/>\nS\u00falya 0,04 kg<\/p>\n","protected":false},"featured_media":10010,"comment_status":"closed","ping_status":"closed","template":"","meta":[],"product_brand":[],"product_cat":[187],"product_tag":[],"class_list":{"0":"post-10009","1":"product","2":"type-product","3":"status-publish","4":"has-post-thumbnail","6":"product_cat-agrosel-profi-vetomagok","8":"first","9":"outofstock","10":"taxable","11":"shipping-taxable","12":"purchasable","13":"product-type-simple"},"_links":{"self":[{"href":"https:\/\/chilimag.hu\/webshop\/wp-json\/wp\/v2\/product\/10009","targetHints":{"allow":["GET"]}}],"collection":[{"href":"https:\/\/chilimag.hu\/webshop\/wp-json\/wp\/v2\/product"}],"about":[{"href":"https:\/\/chilimag.hu\/webshop\/wp-json\/wp\/v2\/types\/product"}],"replies":[{"embeddable":true,"href":"https:\/\/chilimag.hu\/webshop\/wp-json\/wp\/v2\/comments?post=10009"}],"wp:featuredmedia":[{"embeddable":true,"href":"https:\/\/chilimag.hu\/webshop\/wp-json\/wp\/v2\/media\/10010"}],"wp:attachment":[{"href":"https:\/\/chilimag.hu\/webshop\/wp-json\/wp\/v2\/media?parent=10009"}],"wp:term":[{"taxonomy":"product_brand","embeddable":true,"href":"https:\/\/chilimag.hu\/webshop\/wp-json\/wp\/v2\/product_brand?post=10009"},{"taxonomy":"product_cat","embeddable":true,"href":"https:\/\/chilimag.hu\/webshop\/wp-json\/wp\/v2\/product_cat?post=10009"},{"taxonomy":"product_tag","embeddable":true,"href":"https:\/\/chilimag.hu\/webshop\/wp-json\/wp\/v2\/product_tag?post=10009"}],"curies":[{"name":"wp","href":"https:\/\/api.w.org\/{rel}","templated":true}]}}